{"id":5544,"date":"2019-10-31T09:48:07","date_gmt":"2019-10-31T08:48:07","guid":{"rendered":"https:\/\/elementor.zozothemes.com\/zegen\/home-copy\/"},"modified":"2020-07-27T17:35:43","modified_gmt":"2020-07-27T15:35:43","slug":"wir-ueber-uns","status":"publish","type":"page","link":"https:\/\/www.christus-gemeinde.net\/cms\/home\/wir-ueber-uns\/","title":{"rendered":"Wir \u00fcber uns"},"content":{"rendered":"\t\t<div data-elementor-type=\"wp-page\" data-elementor-id=\"5544\" class=\"elementor elementor-5544\" data-elementor-post-type=\"page\">\n\t\t\t\t\t\t<section class=\"elementor-section elementor-top-section elementor-element elementor-element-f2c72ec elementor-section-boxed elementor-section-height-default elementor-section-height-default\" data-id=\"f2c72ec\" data-element_type=\"section\" data-e-type=\"section\">\n\t\t\t\t\t\t<div class=\"elementor-container elementor-column-gap-default\">\n\t\t\t\t\t<div class=\"elementor-column elementor-col-100 elementor-top-column elementor-element elementor-element-2b72be3\" data-id=\"2b72be3\" data-element_type=\"column\" data-e-type=\"column\">\n\t\t\t<div class=\"elementor-widget-wrap elementor-element-populated\">\n\t\t\t\t\t\t<div class=\"elementor-element elementor-element-a946354 elementor-widget elementor-widget-text-editor\" data-id=\"a946354\" data-element_type=\"widget\" data-e-type=\"widget\" data-widget_type=\"text-editor.default\">\n\t\t\t\t<div class=\"elementor-widget-container\">\n\t\t\t\t\t\t\t\t\t<h1>Wir \u00fcber uns<\/h1><h2>Wer wird sind und was wir glauben<\/h2><p>Wir sind eine<strong> &#8222;Evangelisch-Freikirchliche Gemeinde&#8220;<\/strong>, allgemein auch als \u201eBaptisten\u201c bekannt.<\/p><p><strong>&#8222;Evangelisch&#8220;<\/strong> bedeutet, dass wir an die Gute Nachricht von Jesus (im Griechischen = \u201eEvangelium\u201c) glauben:<br \/>dass der unendliche, ewige Gott alle Menschen liebt und in Jesus Christus Mensch geworden ist. Au\u00dferdem sind wir geschichtlich haupts\u00e4chlich aus der Evangelischen Kirche hervor gegangen.<\/p><p><strong>&#8222;Freikirchlich&#8220;<\/strong>\u00a0bedeutet, dass wir eine freiwillige Mitgliedschaft leben.\u00a0Wir taufen z.B. keine S\u00e4uglinge, sondern Menschen, die selber bewu\u00dft als\u00a0Christen leben wollen. Deshalb werden wir auch landl\u00e4ufig \u201eBaptisten\u201c (T\u00e4ufer) genannt.\u00a0Wir geh\u00f6ren zum &#8222;Bund Evangelisch-Freikirchlicher Gemeinden in Deutschland&#8220; (K.d.\u00f6.R.).\u00a0Unsere Gemeinden sind in ihrer Organisation selbst\u00e4ndig; wir nehmen keine Kirchensteuern sondern finanzieren uns \u00fcber freiwillige Spenden.<\/p><p><strong>&#8222;Gemeinde&#8220;<\/strong>: uns ist Gemeinschaft wichtig.<br \/>Weil Gott uns Gemeinschaft mit sich selbst schenkt, pflegen wir auch viel Gemeinschaft miteinander.<\/p>\t\t\t\t\t\t\t\t<\/div>\n\t\t\t\t<\/div>\n\t\t\t\t\t<\/div>\n\t\t<\/div>\n\t\t\t\t\t<\/div>\n\t\t<\/section>\n\t\t\t\t<section class=\"elementor-section elementor-top-section elementor-element elementor-element-83ae39a elementor-section-boxed elementor-section-height-default elementor-section-height-default\" data-id=\"83ae39a\" data-element_type=\"section\" data-e-type=\"section\">\n\t\t\t\t\t\t<div class=\"elementor-container elementor-column-gap-default\">\n\t\t\t\t\t<div class=\"elementor-column elementor-col-100 elementor-top-column elementor-element elementor-element-239fa12\" data-id=\"239fa12\" data-element_type=\"column\" data-e-type=\"column\">\n\t\t\t<div class=\"elementor-widget-wrap elementor-element-populated\">\n\t\t\t\t\t\t<div class=\"elementor-element elementor-element-e796ce1 elementor-widget elementor-widget-text-editor\" data-id=\"e796ce1\" data-element_type=\"widget\" data-e-type=\"widget\" data-widget_type=\"text-editor.default\">\n\t\t\t\t<div class=\"elementor-widget-container\">\n\t\t\t\t\t\t\t\t\t<h2>R\u00fcckblick: Wolfenb\u00fcttel, eine Gemeinde entsteht<\/h2><p>\u201eWolfenb\u00fcttel, diese Stadt f\u00fcr Jesus gewinnen\u201c, so m\u00f6gen in den 50er und 60er Jahren viele Christen aus Braunschweig und auch einige aus Wolfenb\u00fcttel gedacht haben. Es wurden Gottesdienste und Bibelstunden in Privath\u00e4usern, Hinterzimmern von Gasth\u00e4usern und auch in angemieteten R\u00e4umen abgehalten. Doch immer wieder gab es Schwierigkeiten. Die Arbeit schlief wieder ein.<\/p><p>Der gro\u00dfe Durchbruch kam erst Ende der 70er. Die Gemeinde Braunschweig-Heidberg f\u00fchrte im Lessingtheater zwei Mal eine Jugendevangelisation mit einer christlichen Rockband (\u201eDeliverance\u201c) durch. Viele Jugendliche entschlossen sich, fortan ein Leben mit Jesus zu f\u00fchren. \u201eDeliverance\u201c ging, doch wohin mit den vielen Jugendlichen, die mehr mit Jesus erleben wollten? Die Gemeinde Braunschweig-Heidberg \u00fcberlegte nicht lange, suchte ein geeignetes Haus in Wolfenb\u00fcttel \u2013 und fand innerhalb k\u00fcrzester Zeit etwas: das Grundst\u00fcck in der Leopoldstra\u00dfe 14. Dort wurde ein Jugendtreff \u2013 die Teestube \u201eIchthys\u201c \u2013 eingerichtet. In vielen zeit- und schwei\u00dfintensiven Arbeitseins\u00e4tzen von vielen freiwilligen Helfern wurden die Wohnh\u00e4user renoviert und auch ein Gemeindesaal errichtet. 1980 fanden dort die ersten Gottesdienste statt, zuerst ein Mal pro Monat, ab 1982 w\u00f6chentlich.<\/p><p>Es gab sogar einen eigenen Pastor, nur f\u00fcr Wolfenb\u00fcttel zust\u00e4ndig. Der Pastor ging nach einigen Jahren wieder, aber die Gemeinde blieb. Und es kamen immer mehr Gl\u00e4ubige hinzu. Und so wurde die Gemeinde 1991 selbst\u00e4ndig.<\/p><p>Doch der Gemeindesaal wurde zu klein \u2013 und ein eigener Pastor war auch nicht vorhanden. Wie sollte es weitergehen? Und Gott hat unsere Gebete \u00fcber unser Erwarten erh\u00f6rt und schenkte uns beides: den neuen Gottesdienstsaal bekamen wir von einer katholischen Gemeinde in Bamberg \u2013 wir mussten dieses Haus nur dort abbauen und hier wieder errichten (doch dies ist eine eigene Geschichte) und einen Pastor. Und Gott baut seine Gemeinde weiter! \u2026<\/p><p><i>Heinz Peters<\/i><\/p>\t\t\t\t\t\t\t\t<\/div>\n\t\t\t\t<\/div>\n\t\t\t\t\t<\/div>\n\t\t<\/div>\n\t\t\t\t\t<\/div>\n\t\t<\/section>\n\t\t\t\t<\/div>\n\t\t","protected":false},"excerpt":{"rendered":"<p>Wir \u00fcber uns Wer wird sind und was wir glauben Wir sind eine &#8222;Evangelisch-Freikirchliche Gemeinde&#8220;, allgemein auch als \u201eBaptisten\u201c bekannt. &#8222;Evangelisch&#8220; bedeutet, dass wir an die Gute Nachricht von Jesus (im Griechischen = \u201eEvangelium\u201c) glauben:dass der unendliche, ewige Gott alle Menschen liebt und in Jesus Christus Mensch geworden ist. Au\u00dferdem sind wir geschichtlich haupts\u00e4chlich aus<\/p>\n","protected":false},"author":3,"featured_media":0,"parent":21,"menu_order":2,"comment_status":"closed","ping_status":"closed","template":"","meta":{"h5ap_radio_sources":[],"footnotes":""},"class_list":["post-5544","page","type-page","status-publish","hentry"],"aioseo_notices":[],"_links":{"self":[{"href":"https:\/\/www.christus-gemeinde.net\/cms\/wp-json\/wp\/v2\/pages\/5544","targetHints":{"allow":["GET"]}}],"collection":[{"href":"https:\/\/www.christus-gemeinde.net\/cms\/wp-json\/wp\/v2\/pages"}],"about":[{"href":"https:\/\/www.christus-gemeinde.net\/cms\/wp-json\/wp\/v2\/types\/page"}],"author":[{"embeddable":true,"href":"https:\/\/www.christus-gemeinde.net\/cms\/wp-json\/wp\/v2\/users\/3"}],"replies":[{"embeddable":true,"href":"https:\/\/www.christus-gemeinde.net\/cms\/wp-json\/wp\/v2\/comments?post=5544"}],"version-history":[{"count":39,"href":"https:\/\/www.christus-gemeinde.net\/cms\/wp-json\/wp\/v2\/pages\/5544\/revisions"}],"predecessor-version":[{"id":18354,"href":"https:\/\/www.christus-gemeinde.net\/cms\/wp-json\/wp\/v2\/pages\/5544\/revisions\/18354"}],"up":[{"embeddable":true,"href":"https:\/\/www.christus-gemeinde.net\/cms\/wp-json\/wp\/v2\/pages\/21"}],"wp:attachment":[{"href":"https:\/\/www.christus-gemeinde.net\/cms\/wp-json\/wp\/v2\/media?parent=5544"}],"curies":[{"name":"wp","href":"https:\/\/api.w.org\/{rel}","templated":true}]}}