{"id":23164,"date":"2025-12-04T08:54:43","date_gmt":"2025-12-04T07:54:43","guid":{"rendered":"https:\/\/www.christus-gemeinde.net\/cms\/?page_id=23164"},"modified":"2026-03-01T15:48:13","modified_gmt":"2026-03-01T14:48:13","slug":"26-03-29-gottesdienst-spezial","status":"publish","type":"page","link":"https:\/\/www.christus-gemeinde.net\/cms\/home\/news\/26-03-29-gottesdienst-spezial\/","title":{"rendered":"Gottesdienst spezial am 29.03.2026"},"content":{"rendered":"\t\t<div data-elementor-type=\"wp-page\" data-elementor-id=\"23164\" class=\"elementor elementor-23164\" data-elementor-post-type=\"page\">\n\t\t\t\t\t\t<section class=\"elementor-section elementor-top-section elementor-element elementor-element-11fe38bd elementor-section-boxed elementor-section-height-default elementor-section-height-default\" data-id=\"11fe38bd\" data-element_type=\"section\" data-e-type=\"section\">\n\t\t\t\t\t\t<div class=\"elementor-container elementor-column-gap-default\">\n\t\t\t\t\t<div class=\"elementor-column elementor-col-100 elementor-top-column elementor-element elementor-element-537fab83\" data-id=\"537fab83\" data-element_type=\"column\" data-e-type=\"column\">\n\t\t\t<div class=\"elementor-widget-wrap elementor-element-populated\">\n\t\t\t\t\t\t<div class=\"elementor-element elementor-element-1262b0 elementor-widget elementor-widget-text-editor\" data-id=\"1262b0\" data-element_type=\"widget\" data-e-type=\"widget\" data-widget_type=\"text-editor.default\">\n\t\t\t\t<div class=\"elementor-widget-container\">\n\t\t\t\t\t\t\t\t\t<h1 class=\"wp-block-heading\">Gottesdienst spezial<\/h1>\n<p><!-- \/wp:heading --><!-- wp:image {\"id\":23165,\"sizeSlug\":\"full\",\"linkDestination\":\"none\"} --><\/p>\n<figure class=\"wp-block-image size-full\"><img fetchpriority=\"high\" decoding=\"async\" class=\"alignnone wp-image-23344 size-full\" src=\"https:\/\/www.christus-gemeinde.net\/wordpress\/wp-content\/uploads\/2026\/03\/26-03-29-gottesdienst-spezial.jpg\" alt=\"Gottesdienst spezial am 29.03.2026 um 10:00 Uhr. Wir starten mit einem gemeinsamen Fr\u00fchst\u00fcck. Links neben dem Text zur Veranstaltung ist ein KI-generiertes Bild zu sehen: In der Mitte steht ein gr\u00fcn belaubter Baum an einem Weg. Auf dem Stamm ist ein l\u00e4chelndes Gesicht. Links vom Baum ist ein kleiner Brunnen zu sehen. Rechts daneben ist ein hoher Stein zu sehen. Unten auf dem Bild steht: Thema &quot;Die Terebinthe von More&quot;.\" width=\"1080\" height=\"1350\" srcset=\"https:\/\/www.christus-gemeinde.net\/wordpress\/wp-content\/uploads\/2026\/03\/26-03-29-gottesdienst-spezial.jpg 1080w, https:\/\/www.christus-gemeinde.net\/wordpress\/wp-content\/uploads\/2026\/03\/26-03-29-gottesdienst-spezial-768x960.jpg 768w\" sizes=\"(max-width: 1080px) 100vw, 1080px\" \/>\u00a0<\/figure>\n<h2 class=\"_ap3a _aaco _aacu _aacx _aad7 _aade\" dir=\"auto\">Info zum Fr\u00fchst\u00fccks-Buffet<\/h2>\n<p class=\"_ap3a _aaco _aacu _aacx _aad7 _aade\" dir=\"auto\">F\u00fcr Br\u00f6tchen sowie Kaffee und Tee sorgt die Gemeinde, das offene Buffet stellt sich zusammen aus dem, was jeder Teilnehmer mitbringt.<\/p>\n<p><!-- \/wp:image --><!-- wp:paragraph --><\/p>\n<p><!-- \/wp:paragraph --><\/p>\t\t\t\t\t\t\t\t<\/div>\n\t\t\t\t<\/div>\n\t\t\t\t\t<\/div>\n\t\t<\/div>\n\t\t\t\t\t<\/div>\n\t\t<\/section>\n\t\t\t\t<\/div>\n\t\t","protected":false},"excerpt":{"rendered":"<p>Gottesdienst spezial \u00a0 Info zum Fr\u00fchst\u00fccks-Buffet F\u00fcr Br\u00f6tchen sowie Kaffee und Tee sorgt die Gemeinde, das offene Buffet stellt sich zusammen aus dem, was jeder Teilnehmer mitbringt.<\/p>\n","protected":false},"author":3,"featured_media":0,"parent":16980,"menu_order":0,"comment_status":"closed","ping_status":"closed","template":"","meta":{"h5ap_radio_sources":[],"footnotes":""},"class_list":["post-23164","page","type-page","status-publish","hentry"],"aioseo_notices":[],"_links":{"self":[{"href":"https:\/\/www.christus-gemeinde.net\/cms\/wp-json\/wp\/v2\/pages\/23164","targetHints":{"allow":["GET"]}}],"collection":[{"href":"https:\/\/www.christus-gemeinde.net\/cms\/wp-json\/wp\/v2\/pages"}],"about":[{"href":"https:\/\/www.christus-gemeinde.net\/cms\/wp-json\/wp\/v2\/types\/page"}],"author":[{"embeddable":true,"href":"https:\/\/www.christus-gemeinde.net\/cms\/wp-json\/wp\/v2\/users\/3"}],"replies":[{"embeddable":true,"href":"https:\/\/www.christus-gemeinde.net\/cms\/wp-json\/wp\/v2\/comments?post=23164"}],"version-history":[{"count":23,"href":"https:\/\/www.christus-gemeinde.net\/cms\/wp-json\/wp\/v2\/pages\/23164\/revisions"}],"predecessor-version":[{"id":23355,"href":"https:\/\/www.christus-gemeinde.net\/cms\/wp-json\/wp\/v2\/pages\/23164\/revisions\/23355"}],"up":[{"embeddable":true,"href":"https:\/\/www.christus-gemeinde.net\/cms\/wp-json\/wp\/v2\/pages\/16980"}],"wp:attachment":[{"href":"https:\/\/www.christus-gemeinde.net\/cms\/wp-json\/wp\/v2\/media?parent=23164"}],"curies":[{"name":"wp","href":"https:\/\/api.w.org\/{rel}","templated":true}]}}