{"id":22575,"date":"2025-01-15T18:59:38","date_gmt":"2025-01-15T17:59:38","guid":{"rendered":"https:\/\/www.christus-gemeinde.net\/cms\/?page_id=22575"},"modified":"2025-01-15T20:00:15","modified_gmt":"2025-01-15T19:00:15","slug":"bibelgespraech","status":"publish","type":"page","link":"https:\/\/www.christus-gemeinde.net\/cms\/gemeindeleben\/bibelgespraech\/","title":{"rendered":"Bibelgespr\u00e4ch"},"content":{"rendered":"\t\t<div data-elementor-type=\"wp-page\" data-elementor-id=\"22575\" class=\"elementor elementor-22575\" data-elementor-post-type=\"page\">\n\t\t\t\t\t\t<section class=\"elementor-section elementor-top-section elementor-element elementor-element-f7f23ed elementor-section-boxed elementor-section-height-default elementor-section-height-default\" data-id=\"f7f23ed\" data-element_type=\"section\" data-e-type=\"section\">\n\t\t\t\t\t\t<div class=\"elementor-container elementor-column-gap-default\">\n\t\t\t\t\t<div class=\"elementor-column elementor-col-100 elementor-top-column elementor-element elementor-element-60c30d3\" data-id=\"60c30d3\" data-element_type=\"column\" data-e-type=\"column\">\n\t\t\t<div class=\"elementor-widget-wrap elementor-element-populated\">\n\t\t\t\t\t\t<div class=\"elementor-element elementor-element-cbce273 elementor-widget elementor-widget-text-editor\" data-id=\"cbce273\" data-element_type=\"widget\" data-e-type=\"widget\" data-widget_type=\"text-editor.default\">\n\t\t\t\t<div class=\"elementor-widget-container\">\n\t\t\t\t\t\t\t\t\t<h1>Bibelgespr\u00e4ch<\/h1><p>Wir m\u00f6chten gemeinsam \u00fcber die Bibel ins Gespr\u00e4ch kommen und dabei Fragen\u00a0 wie &#8222;Was ist die Bibel?&#8220; und &#8222;Was ist ihre Botschaft?&#8220; betrachten.<\/p><p>Jede ernst gemeinte Frage zu Gottes Wort ist in unserer Runde erlaubt.<\/p><p>Am letzten Mittwoch jedes Monats kommen wir im kleinen Gemeindesaal zusammen. Wir treffen uns jeweils in der Zeit von 18:30 Uhr bis 19:30 Uhr.<\/p><p>Alle Interessierten sind herzlich willkommen, Vorkenntnisse sind nicht erforderlich.<\/p>\t\t\t\t\t\t\t\t<\/div>\n\t\t\t\t<\/div>\n\t\t\t\t\t<\/div>\n\t\t<\/div>\n\t\t\t\t\t<\/div>\n\t\t<\/section>\n\t\t\t\t<\/div>\n\t\t","protected":false},"excerpt":{"rendered":"<p>Bibelgespr\u00e4ch Wir m\u00f6chten gemeinsam \u00fcber die Bibel ins Gespr\u00e4ch kommen und dabei Fragen\u00a0 wie &#8222;Was ist die Bibel?&#8220; und &#8222;Was ist ihre Botschaft?&#8220; betrachten. Jede ernst gemeinte Frage zu Gottes Wort ist in unserer Runde erlaubt. Am letzten Mittwoch jedes Monats kommen wir im kleinen Gemeindesaal zusammen. Wir treffen uns jeweils in der Zeit von<\/p>\n","protected":false},"author":3,"featured_media":0,"parent":5757,"menu_order":3,"comment_status":"closed","ping_status":"closed","template":"","meta":{"h5ap_radio_sources":[],"footnotes":""},"class_list":["post-22575","page","type-page","status-publish","hentry"],"aioseo_notices":[],"_links":{"self":[{"href":"https:\/\/www.christus-gemeinde.net\/cms\/wp-json\/wp\/v2\/pages\/22575","targetHints":{"allow":["GET"]}}],"collection":[{"href":"https:\/\/www.christus-gemeinde.net\/cms\/wp-json\/wp\/v2\/pages"}],"about":[{"href":"https:\/\/www.christus-gemeinde.net\/cms\/wp-json\/wp\/v2\/types\/page"}],"author":[{"embeddable":true,"href":"https:\/\/www.christus-gemeinde.net\/cms\/wp-json\/wp\/v2\/users\/3"}],"replies":[{"embeddable":true,"href":"https:\/\/www.christus-gemeinde.net\/cms\/wp-json\/wp\/v2\/comments?post=22575"}],"version-history":[{"count":16,"href":"https:\/\/www.christus-gemeinde.net\/cms\/wp-json\/wp\/v2\/pages\/22575\/revisions"}],"predecessor-version":[{"id":22595,"href":"https:\/\/www.christus-gemeinde.net\/cms\/wp-json\/wp\/v2\/pages\/22575\/revisions\/22595"}],"up":[{"embeddable":true,"href":"https:\/\/www.christus-gemeinde.net\/cms\/wp-json\/wp\/v2\/pages\/5757"}],"wp:attachment":[{"href":"https:\/\/www.christus-gemeinde.net\/cms\/wp-json\/wp\/v2\/media?parent=22575"}],"curies":[{"name":"wp","href":"https:\/\/api.w.org\/{rel}","templated":true}]}}