{"id":20071,"date":"2021-11-12T21:11:03","date_gmt":"2021-11-12T20:11:03","guid":{"rendered":"https:\/\/www.christus-gemeinde.net\/cms\/home\/news\/corona-schutz-in-der-cgw-copy\/"},"modified":"2025-01-10T18:35:31","modified_gmt":"2025-01-10T17:35:31","slug":"corona-schutz-in-der-cgw","status":"publish","type":"page","link":"https:\/\/www.christus-gemeinde.net\/cms\/home\/news\/corona-schutz-in-der-cgw\/","title":{"rendered":"Corona-Schutz in der CGW"},"content":{"rendered":"\t\t<div data-elementor-type=\"wp-page\" data-elementor-id=\"20071\" class=\"elementor elementor-20071\" data-elementor-post-type=\"page\">\n\t\t\t\t\t\t<section class=\"elementor-section elementor-top-section elementor-element elementor-element-3a87764 elementor-section-boxed elementor-section-height-default elementor-section-height-default\" data-id=\"3a87764\" data-element_type=\"section\" data-e-type=\"section\">\n\t\t\t\t\t\t<div class=\"elementor-container elementor-column-gap-default\">\n\t\t\t\t\t<div class=\"elementor-column elementor-col-100 elementor-top-column elementor-element elementor-element-6076d37\" data-id=\"6076d37\" data-element_type=\"column\" data-e-type=\"column\">\n\t\t\t<div class=\"elementor-widget-wrap elementor-element-populated\">\n\t\t\t\t\t\t<div class=\"elementor-element elementor-element-ed1e711 elementor-widget elementor-widget-text-editor\" data-id=\"ed1e711\" data-element_type=\"widget\" data-e-type=\"widget\" data-widget_type=\"text-editor.default\">\n\t\t\t\t<div class=\"elementor-widget-container\">\n\t\t\t\t\t\t\t\t\t<h1>Informationen zum Umgang mit der Corona-Situation<\/h1><p>Die verpflichtenden Regelungen entfallen bei unseren Veranstaltungen weitestgehend.<\/p><p>Es gibt aber nach wie vor einige Regeln bzw. Hinweise:<\/p><ul><li>W\u00e4hrend der Veranstaltungen <strong>l\u00fcften<\/strong> wir ca. alle 30 Minuten f\u00fcr 3 \u2010 5 Minuten quer (Sto\u00dfl\u00fcften). Bei sommerlichem Wetter kann auch permanent gel\u00fcftet werden.<\/li><li>Wir bieten einen QR-Code der <strong>Corona-Warn-App<\/strong> an. Mit diesem k\u00f6nnen sich Besucherinnen und Besucher freiwillig einloggen, wenn Sie an Veranstaltungen teilnehmen. Wir w\u00fcrden uns freuen, wenn m\u00f6glichst viele Personen davon Gebrauch machen.<\/li><li>Wir setzen bei Masken und Abstand auf <strong>Eigenverantwortung und<\/strong> bitten um <strong>R\u00fccksichtnahme<\/strong>. Solltet ihr euch ohne einen freien Stuhl Abstand direkt neben einen anderen Haushalt setzen wollen, so stimmt dies bitte vorher miteinander ab.<\/li><li>Es besteht keine Pflicht mehr zum Tragen einer <strong>medizinischen Maske. <\/strong>Ihr d\u00fcrft sie aber selbstverst\u00e4ndlich weiterhin tragen.<\/li><li>Nach Veranstaltungsende verlasst bitte die Innenr\u00e4ume. Es ist ein <strong>Aufenthalt auf dem Au\u00dfengel\u00e4nde<\/strong> der Gemeinde m\u00f6glich.<\/li><li><strong>Wichtig:<\/strong> Wir bitten darum, dass nur Personen vor Ort an unseren Veranstaltungen teilnehmen, die <strong>keine Corona-Symptome<\/strong> haben. Personen, die trotz Krankheitssymptomen an unseren Veranstaltungen teilnehmen, k\u00f6nnen in Aus\u00fcbung des Hausrechts der Veranstaltung verwiesen werden.<\/li><\/ul>\t\t\t\t\t\t\t\t<\/div>\n\t\t\t\t<\/div>\n\t\t\t\t\t<\/div>\n\t\t<\/div>\n\t\t\t\t\t<\/div>\n\t\t<\/section>\n\t\t\t\t<section class=\"elementor-section elementor-top-section elementor-element elementor-element-60662dd elementor-section-boxed elementor-section-height-default elementor-section-height-default\" data-id=\"60662dd\" data-element_type=\"section\" data-e-type=\"section\">\n\t\t\t\t\t\t<div class=\"elementor-container elementor-column-gap-default\">\n\t\t\t\t\t<div class=\"elementor-column elementor-col-100 elementor-top-column elementor-element elementor-element-08f784b\" data-id=\"08f784b\" data-element_type=\"column\" data-e-type=\"column\">\n\t\t\t<div class=\"elementor-widget-wrap elementor-element-populated\">\n\t\t\t\t\t\t<div class=\"elementor-element elementor-element-6c43d40 elementor-widget elementor-widget-text-editor\" data-id=\"6c43d40\" data-element_type=\"widget\" data-e-type=\"widget\" data-widget_type=\"text-editor.default\">\n\t\t\t\t<div class=\"elementor-widget-container\">\n\t\t\t\t\t\t\t\t\t<p style=\"text-align: right;\">Stand: 19.05.2022, 20:32 Uhr<\/p>\t\t\t\t\t\t\t\t<\/div>\n\t\t\t\t<\/div>\n\t\t\t\t\t<\/div>\n\t\t<\/div>\n\t\t\t\t\t<\/div>\n\t\t<\/section>\n\t\t\t\t<\/div>\n\t\t","protected":false},"excerpt":{"rendered":"<p>Informationen zum Umgang mit der Corona-Situation Die verpflichtenden Regelungen entfallen bei unseren Veranstaltungen weitestgehend. Es gibt aber nach wie vor einige Regeln bzw. Hinweise: W\u00e4hrend der Veranstaltungen l\u00fcften wir ca. alle 30 Minuten f\u00fcr 3 \u2010 5 Minuten quer (Sto\u00dfl\u00fcften). Bei sommerlichem Wetter kann auch permanent gel\u00fcftet werden. Wir bieten einen QR-Code der Corona-Warn-App an.<\/p>\n","protected":false},"author":3,"featured_media":0,"parent":16980,"menu_order":0,"comment_status":"closed","ping_status":"closed","template":"","meta":{"h5ap_radio_sources":[],"footnotes":""},"class_list":["post-20071","page","type-page","status-publish","hentry"],"aioseo_notices":[],"_links":{"self":[{"href":"https:\/\/www.christus-gemeinde.net\/cms\/wp-json\/wp\/v2\/pages\/20071","targetHints":{"allow":["GET"]}}],"collection":[{"href":"https:\/\/www.christus-gemeinde.net\/cms\/wp-json\/wp\/v2\/pages"}],"about":[{"href":"https:\/\/www.christus-gemeinde.net\/cms\/wp-json\/wp\/v2\/types\/page"}],"author":[{"embeddable":true,"href":"https:\/\/www.christus-gemeinde.net\/cms\/wp-json\/wp\/v2\/users\/3"}],"replies":[{"embeddable":true,"href":"https:\/\/www.christus-gemeinde.net\/cms\/wp-json\/wp\/v2\/comments?post=20071"}],"version-history":[{"count":99,"href":"https:\/\/www.christus-gemeinde.net\/cms\/wp-json\/wp\/v2\/pages\/20071\/revisions"}],"predecessor-version":[{"id":22564,"href":"https:\/\/www.christus-gemeinde.net\/cms\/wp-json\/wp\/v2\/pages\/20071\/revisions\/22564"}],"up":[{"embeddable":true,"href":"https:\/\/www.christus-gemeinde.net\/cms\/wp-json\/wp\/v2\/pages\/16980"}],"wp:attachment":[{"href":"https:\/\/www.christus-gemeinde.net\/cms\/wp-json\/wp\/v2\/media?parent=20071"}],"curies":[{"name":"wp","href":"https:\/\/api.w.org\/{rel}","templated":true}]}}