{"id":18183,"date":"2020-07-26T15:46:47","date_gmt":"2020-07-26T13:46:47","guid":{"rendered":"https:\/\/www.christus-gemeinde.net\/web\/cms\/?page_id=18183"},"modified":"2020-07-27T16:40:40","modified_gmt":"2020-07-27T14:40:40","slug":"pastoreneinfuehrung-von-johannes-faehndrich","status":"publish","type":"page","link":"https:\/\/www.christus-gemeinde.net\/cms\/medien\/bildergalerien\/pastoreneinfuehrung-von-johannes-faehndrich\/","title":{"rendered":"Einf\u00fchrung von Pastor Johannes F\u00e4hndrich"},"content":{"rendered":"\t\t<div data-elementor-type=\"wp-page\" data-elementor-id=\"18183\" class=\"elementor elementor-18183\" data-elementor-post-type=\"page\">\n\t\t\t\t\t\t<section class=\"elementor-section elementor-top-section elementor-element elementor-element-6b5e6b9 elementor-section-boxed elementor-section-height-default elementor-section-height-default\" data-id=\"6b5e6b9\" data-element_type=\"section\" data-e-type=\"section\">\n\t\t\t\t\t\t<div class=\"elementor-container elementor-column-gap-default\">\n\t\t\t\t\t<div class=\"elementor-column elementor-col-100 elementor-top-column elementor-element elementor-element-935f264\" data-id=\"935f264\" data-element_type=\"column\" data-e-type=\"column\">\n\t\t\t<div class=\"elementor-widget-wrap elementor-element-populated\">\n\t\t\t\t\t\t<div class=\"elementor-element elementor-element-ef89f14 elementor-widget elementor-widget-text-editor\" data-id=\"ef89f14\" data-element_type=\"widget\" data-e-type=\"widget\" data-widget_type=\"text-editor.default\">\n\t\t\t\t<div class=\"elementor-widget-container\">\n\t\t\t\t\t\t\t\t\t<header class=\"entry-header\"><h1 class=\"entry-title\">Pastoreneinf\u00fchrung von Johannes F\u00e4hndrich<\/h1><\/header><p>Am 19.03.2017 feierten wir den Einf\u00fchrungsgottesdienst von Johannes F\u00e4hndrich, und hie\u00dfen ihn als neuen Pastor in der Christus Gemeinde Wolfenb\u00fcttel herzlich willkommen.<\/p><p>Viele Gemeindeglieder und G\u00e4ste feierten diesen Tag gemeinsam. Heinrich-Christian Rust aus der Friedenskirche Braunschweig predigte zum Thema \u201eLeuchtt\u00fcrme Christi \u2013 Licht strahlt in der Dunkelheit\u201c.<\/p><p>Gr\u00fc\u00dfe wurden u.a. vom Landesverband und dem \u00f6kumenischen Arbeitskreis Wolfenb\u00fcttel \u00fcberbracht. Viele der Anwesenden nutzten auch die Gelegenheit zur Gemeinschaft beim Mittagessen und Kaffeetrinken.<\/p>\t\t\t\t\t\t\t\t<\/div>\n\t\t\t\t<\/div>\n\t\t\t\t\t<\/div>\n\t\t<\/div>\n\t\t\t\t\t<\/div>\n\t\t<\/section>\n\t\t\t\t<section class=\"elementor-section elementor-top-section elementor-element elementor-element-b70a049 elementor-section-boxed elementor-section-height-default elementor-section-height-default\" data-id=\"b70a049\" data-element_type=\"section\" data-e-type=\"section\">\n\t\t\t\t\t\t<div class=\"elementor-container elementor-column-gap-default\">\n\t\t\t\t\t<div class=\"elementor-column elementor-col-100 elementor-top-column elementor-element elementor-element-e3c5918\" data-id=\"e3c5918\" data-element_type=\"column\" data-e-type=\"column\">\n\t\t\t<div class=\"elementor-widget-wrap elementor-element-populated\">\n\t\t\t\t\t\t<div class=\"elementor-element elementor-element-97aa84d elementor-widget elementor-widget-image-gallery\" data-id=\"97aa84d\" data-element_type=\"widget\" data-e-type=\"widget\" data-widget_type=\"image-gallery.default\">\n\t\t\t\t<div class=\"elementor-widget-container\">\n\t\t\t\t\t\t\t<div class=\"elementor-image-gallery\">\n\t\t\t<div id='gallery-1' class='gallery galleryid-18183 gallery-columns-3 gallery-size-medium'><figure class='gallery-item'>\n\t\t\t<div class='gallery-icon landscape'>\n\t\t\t\t<a data-elementor-open-lightbox=\"yes\" data-elementor-lightbox-slideshow=\"97aa84d\" data-elementor-lightbox-title=\"einfuehrung-johannes-faehndrich-2017_001\" data-e-action-hash=\"#elementor-action%3Aaction%3Dlightbox%26settings%3DeyJpZCI6MTgzMjUsInVybCI6Imh0dHBzOlwvXC93d3cuY2hyaXN0dXMtZ2VtZWluZGUubmV0XC93b3JkcHJlc3NcL3dwLWNvbnRlbnRcL3VwbG9hZHNcLzIwMjBcLzA3XC9laW5mdWVocnVuZy1qb2hhbm5lcy1mYWVobmRyaWNoLTIwMTdfMDAxLmpwZyIsInNsaWRlc2hvdyI6Ijk3YWE4NGQifQ%3D%3D\" href='https:\/\/www.christus-gemeinde.net\/wordpress\/wp-content\/uploads\/2020\/07\/einfuehrung-johannes-faehndrich-2017_001.jpg'><img fetchpriority=\"high\" decoding=\"async\" width=\"768\" height=\"456\" src=\"https:\/\/www.christus-gemeinde.net\/wordpress\/wp-content\/uploads\/2020\/07\/einfuehrung-johannes-faehndrich-2017_001-768x456.jpg\" class=\"attachment-medium size-medium\" alt=\"\" \/><\/a>\n\t\t\t<\/div><\/figure><figure class='gallery-item'>\n\t\t\t<div class='gallery-icon landscape'>\n\t\t\t\t<a data-elementor-open-lightbox=\"yes\" data-elementor-lightbox-slideshow=\"97aa84d\" data-elementor-lightbox-title=\"einfuehrung-johannes-faehndrich-2017_002\" data-e-action-hash=\"#elementor-action%3Aaction%3Dlightbox%26settings%3DeyJpZCI6MTgzMjYsInVybCI6Imh0dHBzOlwvXC93d3cuY2hyaXN0dXMtZ2VtZWluZGUubmV0XC93b3JkcHJlc3NcL3dwLWNvbnRlbnRcL3VwbG9hZHNcLzIwMjBcLzA3XC9laW5mdWVocnVuZy1qb2hhbm5lcy1mYWVobmRyaWNoLTIwMTdfMDAyLmpwZyIsInNsaWRlc2hvdyI6Ijk3YWE4NGQifQ%3D%3D\" href='https:\/\/www.christus-gemeinde.net\/wordpress\/wp-content\/uploads\/2020\/07\/einfuehrung-johannes-faehndrich-2017_002.jpg'><img decoding=\"async\" width=\"768\" height=\"456\" src=\"https:\/\/www.christus-gemeinde.net\/wordpress\/wp-content\/uploads\/2020\/07\/einfuehrung-johannes-faehndrich-2017_002-768x456.jpg\" class=\"attachment-medium size-medium\" alt=\"\" \/><\/a>\n\t\t\t<\/div><\/figure><figure class='gallery-item'>\n\t\t\t<div class='gallery-icon landscape'>\n\t\t\t\t<a data-elementor-open-lightbox=\"yes\" data-elementor-lightbox-slideshow=\"97aa84d\" data-elementor-lightbox-title=\"einfuehrung-johannes-faehndrich-2017_003\" data-e-action-hash=\"#elementor-action%3Aaction%3Dlightbox%26settings%3DeyJpZCI6MTgzMjcsInVybCI6Imh0dHBzOlwvXC93d3cuY2hyaXN0dXMtZ2VtZWluZGUubmV0XC93b3JkcHJlc3NcL3dwLWNvbnRlbnRcL3VwbG9hZHNcLzIwMjBcLzA3XC9laW5mdWVocnVuZy1qb2hhbm5lcy1mYWVobmRyaWNoLTIwMTdfMDAzLmpwZyIsInNsaWRlc2hvdyI6Ijk3YWE4NGQifQ%3D%3D\" href='https:\/\/www.christus-gemeinde.net\/wordpress\/wp-content\/uploads\/2020\/07\/einfuehrung-johannes-faehndrich-2017_003.jpg'><img decoding=\"async\" width=\"768\" height=\"456\" src=\"https:\/\/www.christus-gemeinde.net\/wordpress\/wp-content\/uploads\/2020\/07\/einfuehrung-johannes-faehndrich-2017_003-768x456.jpg\" class=\"attachment-medium size-medium\" alt=\"\" \/><\/a>\n\t\t\t<\/div><\/figure><figure class='gallery-item'>\n\t\t\t<div class='gallery-icon landscape'>\n\t\t\t\t<a data-elementor-open-lightbox=\"yes\" data-elementor-lightbox-slideshow=\"97aa84d\" data-elementor-lightbox-title=\"einfuehrung-johannes-faehndrich-2017_004\" data-e-action-hash=\"#elementor-action%3Aaction%3Dlightbox%26settings%3DeyJpZCI6MTgzMjgsInVybCI6Imh0dHBzOlwvXC93d3cuY2hyaXN0dXMtZ2VtZWluZGUubmV0XC93b3JkcHJlc3NcL3dwLWNvbnRlbnRcL3VwbG9hZHNcLzIwMjBcLzA3XC9laW5mdWVocnVuZy1qb2hhbm5lcy1mYWVobmRyaWNoLTIwMTdfMDA0LmpwZyIsInNsaWRlc2hvdyI6Ijk3YWE4NGQifQ%3D%3D\" href='https:\/\/www.christus-gemeinde.net\/wordpress\/wp-content\/uploads\/2020\/07\/einfuehrung-johannes-faehndrich-2017_004.jpg'><img loading=\"lazy\" decoding=\"async\" width=\"768\" height=\"456\" src=\"https:\/\/www.christus-gemeinde.net\/wordpress\/wp-content\/uploads\/2020\/07\/einfuehrung-johannes-faehndrich-2017_004-768x456.jpg\" class=\"attachment-medium size-medium\" alt=\"\" \/><\/a>\n\t\t\t<\/div><\/figure><figure class='gallery-item'>\n\t\t\t<div class='gallery-icon landscape'>\n\t\t\t\t<a data-elementor-open-lightbox=\"yes\" data-elementor-lightbox-slideshow=\"97aa84d\" data-elementor-lightbox-title=\"einfuehrung-johannes-faehndrich-2017_005\" data-e-action-hash=\"#elementor-action%3Aaction%3Dlightbox%26settings%3DeyJpZCI6MTgzMjksInVybCI6Imh0dHBzOlwvXC93d3cuY2hyaXN0dXMtZ2VtZWluZGUubmV0XC93b3JkcHJlc3NcL3dwLWNvbnRlbnRcL3VwbG9hZHNcLzIwMjBcLzA3XC9laW5mdWVocnVuZy1qb2hhbm5lcy1mYWVobmRyaWNoLTIwMTdfMDA1LmpwZyIsInNsaWRlc2hvdyI6Ijk3YWE4NGQifQ%3D%3D\" href='https:\/\/www.christus-gemeinde.net\/wordpress\/wp-content\/uploads\/2020\/07\/einfuehrung-johannes-faehndrich-2017_005.jpg'><img loading=\"lazy\" decoding=\"async\" width=\"768\" height=\"456\" src=\"https:\/\/www.christus-gemeinde.net\/wordpress\/wp-content\/uploads\/2020\/07\/einfuehrung-johannes-faehndrich-2017_005-768x456.jpg\" class=\"attachment-medium size-medium\" alt=\"\" \/><\/a>\n\t\t\t<\/div><\/figure><figure class='gallery-item'>\n\t\t\t<div class='gallery-icon landscape'>\n\t\t\t\t<a data-elementor-open-lightbox=\"yes\" data-elementor-lightbox-slideshow=\"97aa84d\" data-elementor-lightbox-title=\"einfuehrung-johannes-faehndrich-2017_006\" data-e-action-hash=\"#elementor-action%3Aaction%3Dlightbox%26settings%3DeyJpZCI6MTgzMzAsInVybCI6Imh0dHBzOlwvXC93d3cuY2hyaXN0dXMtZ2VtZWluZGUubmV0XC93b3JkcHJlc3NcL3dwLWNvbnRlbnRcL3VwbG9hZHNcLzIwMjBcLzA3XC9laW5mdWVocnVuZy1qb2hhbm5lcy1mYWVobmRyaWNoLTIwMTdfMDA2LmpwZyIsInNsaWRlc2hvdyI6Ijk3YWE4NGQifQ%3D%3D\" href='https:\/\/www.christus-gemeinde.net\/wordpress\/wp-content\/uploads\/2020\/07\/einfuehrung-johannes-faehndrich-2017_006.jpg'><img loading=\"lazy\" decoding=\"async\" width=\"768\" height=\"456\" src=\"https:\/\/www.christus-gemeinde.net\/wordpress\/wp-content\/uploads\/2020\/07\/einfuehrung-johannes-faehndrich-2017_006-768x456.jpg\" class=\"attachment-medium size-medium\" alt=\"\" \/><\/a>\n\t\t\t<\/div><\/figure><figure class='gallery-item'>\n\t\t\t<div class='gallery-icon landscape'>\n\t\t\t\t<a data-elementor-open-lightbox=\"yes\" data-elementor-lightbox-slideshow=\"97aa84d\" data-elementor-lightbox-title=\"einfuehrung-johannes-faehndrich-2017_007\" data-e-action-hash=\"#elementor-action%3Aaction%3Dlightbox%26settings%3DeyJpZCI6MTgzMzEsInVybCI6Imh0dHBzOlwvXC93d3cuY2hyaXN0dXMtZ2VtZWluZGUubmV0XC93b3JkcHJlc3NcL3dwLWNvbnRlbnRcL3VwbG9hZHNcLzIwMjBcLzA3XC9laW5mdWVocnVuZy1qb2hhbm5lcy1mYWVobmRyaWNoLTIwMTdfMDA3LmpwZyIsInNsaWRlc2hvdyI6Ijk3YWE4NGQifQ%3D%3D\" href='https:\/\/www.christus-gemeinde.net\/wordpress\/wp-content\/uploads\/2020\/07\/einfuehrung-johannes-faehndrich-2017_007.jpg'><img loading=\"lazy\" decoding=\"async\" width=\"768\" height=\"456\" src=\"https:\/\/www.christus-gemeinde.net\/wordpress\/wp-content\/uploads\/2020\/07\/einfuehrung-johannes-faehndrich-2017_007-768x456.jpg\" class=\"attachment-medium size-medium\" alt=\"\" \/><\/a>\n\t\t\t<\/div><\/figure><figure class='gallery-item'>\n\t\t\t<div class='gallery-icon landscape'>\n\t\t\t\t<a data-elementor-open-lightbox=\"yes\" data-elementor-lightbox-slideshow=\"97aa84d\" data-elementor-lightbox-title=\"einfuehrung-johannes-faehndrich-2017_008\" data-e-action-hash=\"#elementor-action%3Aaction%3Dlightbox%26settings%3DeyJpZCI6MTgzMzIsInVybCI6Imh0dHBzOlwvXC93d3cuY2hyaXN0dXMtZ2VtZWluZGUubmV0XC93b3JkcHJlc3NcL3dwLWNvbnRlbnRcL3VwbG9hZHNcLzIwMjBcLzA3XC9laW5mdWVocnVuZy1qb2hhbm5lcy1mYWVobmRyaWNoLTIwMTdfMDA4LmpwZyIsInNsaWRlc2hvdyI6Ijk3YWE4NGQifQ%3D%3D\" href='https:\/\/www.christus-gemeinde.net\/wordpress\/wp-content\/uploads\/2020\/07\/einfuehrung-johannes-faehndrich-2017_008.jpg'><img loading=\"lazy\" decoding=\"async\" width=\"768\" height=\"456\" src=\"https:\/\/www.christus-gemeinde.net\/wordpress\/wp-content\/uploads\/2020\/07\/einfuehrung-johannes-faehndrich-2017_008-768x456.jpg\" class=\"attachment-medium size-medium\" alt=\"\" \/><\/a>\n\t\t\t<\/div><\/figure><figure class='gallery-item'>\n\t\t\t<div class='gallery-icon landscape'>\n\t\t\t\t<a data-elementor-open-lightbox=\"yes\" data-elementor-lightbox-slideshow=\"97aa84d\" data-elementor-lightbox-title=\"einfuehrung-johannes-faehndrich-2017_009\" data-e-action-hash=\"#elementor-action%3Aaction%3Dlightbox%26settings%3DeyJpZCI6MTgzMzMsInVybCI6Imh0dHBzOlwvXC93d3cuY2hyaXN0dXMtZ2VtZWluZGUubmV0XC93b3JkcHJlc3NcL3dwLWNvbnRlbnRcL3VwbG9hZHNcLzIwMjBcLzA3XC9laW5mdWVocnVuZy1qb2hhbm5lcy1mYWVobmRyaWNoLTIwMTdfMDA5LmpwZyIsInNsaWRlc2hvdyI6Ijk3YWE4NGQifQ%3D%3D\" href='https:\/\/www.christus-gemeinde.net\/wordpress\/wp-content\/uploads\/2020\/07\/einfuehrung-johannes-faehndrich-2017_009.jpg'><img loading=\"lazy\" decoding=\"async\" width=\"768\" height=\"456\" src=\"https:\/\/www.christus-gemeinde.net\/wordpress\/wp-content\/uploads\/2020\/07\/einfuehrung-johannes-faehndrich-2017_009-768x456.jpg\" class=\"attachment-medium size-medium\" alt=\"\" \/><\/a>\n\t\t\t<\/div><\/figure><figure class='gallery-item'>\n\t\t\t<div class='gallery-icon landscape'>\n\t\t\t\t<a data-elementor-open-lightbox=\"yes\" data-elementor-lightbox-slideshow=\"97aa84d\" data-elementor-lightbox-title=\"einfuehrung-johannes-faehndrich-2017_010\" data-e-action-hash=\"#elementor-action%3Aaction%3Dlightbox%26settings%3DeyJpZCI6MTgzMzQsInVybCI6Imh0dHBzOlwvXC93d3cuY2hyaXN0dXMtZ2VtZWluZGUubmV0XC93b3JkcHJlc3NcL3dwLWNvbnRlbnRcL3VwbG9hZHNcLzIwMjBcLzA3XC9laW5mdWVocnVuZy1qb2hhbm5lcy1mYWVobmRyaWNoLTIwMTdfMDEwLmpwZyIsInNsaWRlc2hvdyI6Ijk3YWE4NGQifQ%3D%3D\" href='https:\/\/www.christus-gemeinde.net\/wordpress\/wp-content\/uploads\/2020\/07\/einfuehrung-johannes-faehndrich-2017_010.jpg'><img loading=\"lazy\" decoding=\"async\" width=\"768\" height=\"456\" src=\"https:\/\/www.christus-gemeinde.net\/wordpress\/wp-content\/uploads\/2020\/07\/einfuehrung-johannes-faehndrich-2017_010-768x456.jpg\" class=\"attachment-medium size-medium\" alt=\"\" \/><\/a>\n\t\t\t<\/div><\/figure><figure class='gallery-item'>\n\t\t\t<div class='gallery-icon landscape'>\n\t\t\t\t<a data-elementor-open-lightbox=\"yes\" data-elementor-lightbox-slideshow=\"97aa84d\" data-elementor-lightbox-title=\"einfuehrung-johannes-faehndrich-2017_011\" data-e-action-hash=\"#elementor-action%3Aaction%3Dlightbox%26settings%3DeyJpZCI6MTgzMzUsInVybCI6Imh0dHBzOlwvXC93d3cuY2hyaXN0dXMtZ2VtZWluZGUubmV0XC93b3JkcHJlc3NcL3dwLWNvbnRlbnRcL3VwbG9hZHNcLzIwMjBcLzA3XC9laW5mdWVocnVuZy1qb2hhbm5lcy1mYWVobmRyaWNoLTIwMTdfMDExLmpwZyIsInNsaWRlc2hvdyI6Ijk3YWE4NGQifQ%3D%3D\" href='https:\/\/www.christus-gemeinde.net\/wordpress\/wp-content\/uploads\/2020\/07\/einfuehrung-johannes-faehndrich-2017_011.jpg'><img loading=\"lazy\" decoding=\"async\" width=\"768\" height=\"456\" src=\"https:\/\/www.christus-gemeinde.net\/wordpress\/wp-content\/uploads\/2020\/07\/einfuehrung-johannes-faehndrich-2017_011-768x456.jpg\" class=\"attachment-medium size-medium\" alt=\"\" \/><\/a>\n\t\t\t<\/div><\/figure><figure class='gallery-item'>\n\t\t\t<div class='gallery-icon landscape'>\n\t\t\t\t<a data-elementor-open-lightbox=\"yes\" data-elementor-lightbox-slideshow=\"97aa84d\" data-elementor-lightbox-title=\"einfuehrung-johannes-faehndrich-2017_012\" data-e-action-hash=\"#elementor-action%3Aaction%3Dlightbox%26settings%3DeyJpZCI6MTgzMzYsInVybCI6Imh0dHBzOlwvXC93d3cuY2hyaXN0dXMtZ2VtZWluZGUubmV0XC93b3JkcHJlc3NcL3dwLWNvbnRlbnRcL3VwbG9hZHNcLzIwMjBcLzA3XC9laW5mdWVocnVuZy1qb2hhbm5lcy1mYWVobmRyaWNoLTIwMTdfMDEyLmpwZyIsInNsaWRlc2hvdyI6Ijk3YWE4NGQifQ%3D%3D\" href='https:\/\/www.christus-gemeinde.net\/wordpress\/wp-content\/uploads\/2020\/07\/einfuehrung-johannes-faehndrich-2017_012.jpg'><img loading=\"lazy\" decoding=\"async\" width=\"768\" height=\"456\" src=\"https:\/\/www.christus-gemeinde.net\/wordpress\/wp-content\/uploads\/2020\/07\/einfuehrung-johannes-faehndrich-2017_012-768x456.jpg\" class=\"attachment-medium size-medium\" alt=\"\" \/><\/a>\n\t\t\t<\/div><\/figure><figure class='gallery-item'>\n\t\t\t<div class='gallery-icon landscape'>\n\t\t\t\t<a data-elementor-open-lightbox=\"yes\" data-elementor-lightbox-slideshow=\"97aa84d\" data-elementor-lightbox-title=\"einfuehrung-johannes-faehndrich-2017_013\" data-e-action-hash=\"#elementor-action%3Aaction%3Dlightbox%26settings%3DeyJpZCI6MTgzMzcsInVybCI6Imh0dHBzOlwvXC93d3cuY2hyaXN0dXMtZ2VtZWluZGUubmV0XC93b3JkcHJlc3NcL3dwLWNvbnRlbnRcL3VwbG9hZHNcLzIwMjBcLzA3XC9laW5mdWVocnVuZy1qb2hhbm5lcy1mYWVobmRyaWNoLTIwMTdfMDEzLmpwZyIsInNsaWRlc2hvdyI6Ijk3YWE4NGQifQ%3D%3D\" href='https:\/\/www.christus-gemeinde.net\/wordpress\/wp-content\/uploads\/2020\/07\/einfuehrung-johannes-faehndrich-2017_013.jpg'><img loading=\"lazy\" decoding=\"async\" width=\"768\" height=\"456\" src=\"https:\/\/www.christus-gemeinde.net\/wordpress\/wp-content\/uploads\/2020\/07\/einfuehrung-johannes-faehndrich-2017_013-768x456.jpg\" class=\"attachment-medium size-medium\" alt=\"\" \/><\/a>\n\t\t\t<\/div><\/figure><figure class='gallery-item'>\n\t\t\t<div class='gallery-icon landscape'>\n\t\t\t\t<a data-elementor-open-lightbox=\"yes\" data-elementor-lightbox-slideshow=\"97aa84d\" data-elementor-lightbox-title=\"einfuehrung-johannes-faehndrich-2017_014\" data-e-action-hash=\"#elementor-action%3Aaction%3Dlightbox%26settings%3DeyJpZCI6MTgzMzgsInVybCI6Imh0dHBzOlwvXC93d3cuY2hyaXN0dXMtZ2VtZWluZGUubmV0XC93b3JkcHJlc3NcL3dwLWNvbnRlbnRcL3VwbG9hZHNcLzIwMjBcLzA3XC9laW5mdWVocnVuZy1qb2hhbm5lcy1mYWVobmRyaWNoLTIwMTdfMDE0LmpwZyIsInNsaWRlc2hvdyI6Ijk3YWE4NGQifQ%3D%3D\" href='https:\/\/www.christus-gemeinde.net\/wordpress\/wp-content\/uploads\/2020\/07\/einfuehrung-johannes-faehndrich-2017_014.jpg'><img loading=\"lazy\" decoding=\"async\" width=\"768\" height=\"456\" src=\"https:\/\/www.christus-gemeinde.net\/wordpress\/wp-content\/uploads\/2020\/07\/einfuehrung-johannes-faehndrich-2017_014-768x456.jpg\" class=\"attachment-medium size-medium\" alt=\"\" \/><\/a>\n\t\t\t<\/div><\/figure><figure class='gallery-item'>\n\t\t\t<div class='gallery-icon landscape'>\n\t\t\t\t<a data-elementor-open-lightbox=\"yes\" data-elementor-lightbox-slideshow=\"97aa84d\" data-elementor-lightbox-title=\"einfuehrung-johannes-faehndrich-2017_015\" data-e-action-hash=\"#elementor-action%3Aaction%3Dlightbox%26settings%3DeyJpZCI6MTgzMzksInVybCI6Imh0dHBzOlwvXC93d3cuY2hyaXN0dXMtZ2VtZWluZGUubmV0XC93b3JkcHJlc3NcL3dwLWNvbnRlbnRcL3VwbG9hZHNcLzIwMjBcLzA3XC9laW5mdWVocnVuZy1qb2hhbm5lcy1mYWVobmRyaWNoLTIwMTdfMDE1LmpwZyIsInNsaWRlc2hvdyI6Ijk3YWE4NGQifQ%3D%3D\" href='https:\/\/www.christus-gemeinde.net\/wordpress\/wp-content\/uploads\/2020\/07\/einfuehrung-johannes-faehndrich-2017_015.jpg'><img loading=\"lazy\" decoding=\"async\" width=\"768\" height=\"456\" src=\"https:\/\/www.christus-gemeinde.net\/wordpress\/wp-content\/uploads\/2020\/07\/einfuehrung-johannes-faehndrich-2017_015-768x456.jpg\" class=\"attachment-medium size-medium\" alt=\"\" \/><\/a>\n\t\t\t<\/div><\/figure><figure class='gallery-item'>\n\t\t\t<div class='gallery-icon landscape'>\n\t\t\t\t<a data-elementor-open-lightbox=\"yes\" data-elementor-lightbox-slideshow=\"97aa84d\" data-elementor-lightbox-title=\"einfuehrung-johannes-faehndrich-2017_016\" data-e-action-hash=\"#elementor-action%3Aaction%3Dlightbox%26settings%3DeyJpZCI6MTgzNDAsInVybCI6Imh0dHBzOlwvXC93d3cuY2hyaXN0dXMtZ2VtZWluZGUubmV0XC93b3JkcHJlc3NcL3dwLWNvbnRlbnRcL3VwbG9hZHNcLzIwMjBcLzA3XC9laW5mdWVocnVuZy1qb2hhbm5lcy1mYWVobmRyaWNoLTIwMTdfMDE2LmpwZyIsInNsaWRlc2hvdyI6Ijk3YWE4NGQifQ%3D%3D\" href='https:\/\/www.christus-gemeinde.net\/wordpress\/wp-content\/uploads\/2020\/07\/einfuehrung-johannes-faehndrich-2017_016.jpg'><img loading=\"lazy\" decoding=\"async\" width=\"768\" height=\"456\" src=\"https:\/\/www.christus-gemeinde.net\/wordpress\/wp-content\/uploads\/2020\/07\/einfuehrung-johannes-faehndrich-2017_016-768x456.jpg\" class=\"attachment-medium size-medium\" alt=\"\" \/><\/a>\n\t\t\t<\/div><\/figure><figure class='gallery-item'>\n\t\t\t<div class='gallery-icon landscape'>\n\t\t\t\t<a data-elementor-open-lightbox=\"yes\" data-elementor-lightbox-slideshow=\"97aa84d\" data-elementor-lightbox-title=\"einfuehrung-johannes-faehndrich-2017_017\" data-e-action-hash=\"#elementor-action%3Aaction%3Dlightbox%26settings%3DeyJpZCI6MTgzNDEsInVybCI6Imh0dHBzOlwvXC93d3cuY2hyaXN0dXMtZ2VtZWluZGUubmV0XC93b3JkcHJlc3NcL3dwLWNvbnRlbnRcL3VwbG9hZHNcLzIwMjBcLzA3XC9laW5mdWVocnVuZy1qb2hhbm5lcy1mYWVobmRyaWNoLTIwMTdfMDE3LmpwZyIsInNsaWRlc2hvdyI6Ijk3YWE4NGQifQ%3D%3D\" href='https:\/\/www.christus-gemeinde.net\/wordpress\/wp-content\/uploads\/2020\/07\/einfuehrung-johannes-faehndrich-2017_017.jpg'><img loading=\"lazy\" decoding=\"async\" width=\"768\" height=\"456\" src=\"https:\/\/www.christus-gemeinde.net\/wordpress\/wp-content\/uploads\/2020\/07\/einfuehrung-johannes-faehndrich-2017_017-768x456.jpg\" class=\"attachment-medium size-medium\" alt=\"\" \/><\/a>\n\t\t\t<\/div><\/figure><figure class='gallery-item'>\n\t\t\t<div class='gallery-icon landscape'>\n\t\t\t\t<a data-elementor-open-lightbox=\"yes\" data-elementor-lightbox-slideshow=\"97aa84d\" data-elementor-lightbox-title=\"einfuehrung-johannes-faehndrich-2017_018\" data-e-action-hash=\"#elementor-action%3Aaction%3Dlightbox%26settings%3DeyJpZCI6MTgzNDIsInVybCI6Imh0dHBzOlwvXC93d3cuY2hyaXN0dXMtZ2VtZWluZGUubmV0XC93b3JkcHJlc3NcL3dwLWNvbnRlbnRcL3VwbG9hZHNcLzIwMjBcLzA3XC9laW5mdWVocnVuZy1qb2hhbm5lcy1mYWVobmRyaWNoLTIwMTdfMDE4LmpwZyIsInNsaWRlc2hvdyI6Ijk3YWE4NGQifQ%3D%3D\" href='https:\/\/www.christus-gemeinde.net\/wordpress\/wp-content\/uploads\/2020\/07\/einfuehrung-johannes-faehndrich-2017_018.jpg'><img loading=\"lazy\" decoding=\"async\" width=\"768\" height=\"456\" src=\"https:\/\/www.christus-gemeinde.net\/wordpress\/wp-content\/uploads\/2020\/07\/einfuehrung-johannes-faehndrich-2017_018-768x456.jpg\" class=\"attachment-medium size-medium\" alt=\"\" \/><\/a>\n\t\t\t<\/div><\/figure><figure class='gallery-item'>\n\t\t\t<div class='gallery-icon portrait'>\n\t\t\t\t<a data-elementor-open-lightbox=\"yes\" data-elementor-lightbox-slideshow=\"97aa84d\" data-elementor-lightbox-title=\"einfuehrung-johannes-faehndrich-2017_019\" data-e-action-hash=\"#elementor-action%3Aaction%3Dlightbox%26settings%3DeyJpZCI6MTgzNDMsInVybCI6Imh0dHBzOlwvXC93d3cuY2hyaXN0dXMtZ2VtZWluZGUubmV0XC93b3JkcHJlc3NcL3dwLWNvbnRlbnRcL3VwbG9hZHNcLzIwMjBcLzA3XC9laW5mdWVocnVuZy1qb2hhbm5lcy1mYWVobmRyaWNoLTIwMTdfMDE5LmpwZyIsInNsaWRlc2hvdyI6Ijk3YWE4NGQifQ%3D%3D\" href='https:\/\/www.christus-gemeinde.net\/wordpress\/wp-content\/uploads\/2020\/07\/einfuehrung-johannes-faehndrich-2017_019.jpg'><img loading=\"lazy\" decoding=\"async\" width=\"600\" height=\"456\" src=\"https:\/\/www.christus-gemeinde.net\/wordpress\/wp-content\/uploads\/2020\/07\/einfuehrung-johannes-faehndrich-2017_019-600x456.jpg\" class=\"attachment-medium size-medium\" alt=\"\" \/><\/a>\n\t\t\t<\/div><\/figure>\n\t\t<\/div>\n\t\t<\/div>\n\t\t\t\t\t\t<\/div>\n\t\t\t\t<\/div>\n\t\t\t\t\t<\/div>\n\t\t<\/div>\n\t\t\t\t\t<\/div>\n\t\t<\/section>\n\t\t\t\t<\/div>\n\t\t","protected":false},"excerpt":{"rendered":"<p>Pastoreneinf\u00fchrung von Johannes F\u00e4hndrich Am 19.03.2017 feierten wir den Einf\u00fchrungsgottesdienst von Johannes F\u00e4hndrich, und hie\u00dfen ihn als neuen Pastor in der Christus Gemeinde Wolfenb\u00fcttel herzlich willkommen. Viele Gemeindeglieder und G\u00e4ste feierten diesen Tag gemeinsam. Heinrich-Christian Rust aus der Friedenskirche Braunschweig predigte zum Thema \u201eLeuchtt\u00fcrme Christi \u2013 Licht strahlt in der Dunkelheit\u201c. Gr\u00fc\u00dfe wurden u.a. vom<\/p>\n","protected":false},"author":3,"featured_media":0,"parent":5577,"menu_order":16,"comment_status":"closed","ping_status":"closed","template":"","meta":{"h5ap_radio_sources":[],"footnotes":""},"class_list":["post-18183","page","type-page","status-publish","hentry"],"aioseo_notices":[],"_links":{"self":[{"href":"https:\/\/www.christus-gemeinde.net\/cms\/wp-json\/wp\/v2\/pages\/18183","targetHints":{"allow":["GET"]}}],"collection":[{"href":"https:\/\/www.christus-gemeinde.net\/cms\/wp-json\/wp\/v2\/pages"}],"about":[{"href":"https:\/\/www.christus-gemeinde.net\/cms\/wp-json\/wp\/v2\/types\/page"}],"author":[{"embeddable":true,"href":"https:\/\/www.christus-gemeinde.net\/cms\/wp-json\/wp\/v2\/users\/3"}],"replies":[{"embeddable":true,"href":"https:\/\/www.christus-gemeinde.net\/cms\/wp-json\/wp\/v2\/comments?post=18183"}],"version-history":[{"count":4,"href":"https:\/\/www.christus-gemeinde.net\/cms\/wp-json\/wp\/v2\/pages\/18183\/revisions"}],"predecessor-version":[{"id":18345,"href":"https:\/\/www.christus-gemeinde.net\/cms\/wp-json\/wp\/v2\/pages\/18183\/revisions\/18345"}],"up":[{"embeddable":true,"href":"https:\/\/www.christus-gemeinde.net\/cms\/wp-json\/wp\/v2\/pages\/5577"}],"wp:attachment":[{"href":"https:\/\/www.christus-gemeinde.net\/cms\/wp-json\/wp\/v2\/media?parent=18183"}],"curies":[{"name":"wp","href":"https:\/\/api.w.org\/{rel}","templated":true}]}}