{"id":18172,"date":"2020-07-26T15:38:07","date_gmt":"2020-07-26T13:38:07","guid":{"rendered":"https:\/\/www.christus-gemeinde.net\/web\/cms\/?page_id=18172"},"modified":"2020-07-26T17:00:34","modified_gmt":"2020-07-26T15:00:34","slug":"sommerfest-2019","status":"publish","type":"page","link":"https:\/\/www.christus-gemeinde.net\/cms\/medien\/bildergalerien\/sommerfest-2019\/","title":{"rendered":"Sommerfest 2019"},"content":{"rendered":"\t\t<div data-elementor-type=\"wp-page\" data-elementor-id=\"18172\" class=\"elementor elementor-18172\" data-elementor-post-type=\"page\">\n\t\t\t\t\t\t<section class=\"elementor-section elementor-top-section elementor-element elementor-element-01e59d6 elementor-section-boxed elementor-section-height-default elementor-section-height-default\" data-id=\"01e59d6\" data-element_type=\"section\" data-e-type=\"section\">\n\t\t\t\t\t\t<div class=\"elementor-container elementor-column-gap-default\">\n\t\t\t\t\t<div class=\"elementor-column elementor-col-100 elementor-top-column elementor-element elementor-element-e2d2efa\" data-id=\"e2d2efa\" data-element_type=\"column\" data-e-type=\"column\">\n\t\t\t<div class=\"elementor-widget-wrap elementor-element-populated\">\n\t\t\t\t\t\t<div class=\"elementor-element elementor-element-698ee59 elementor-widget elementor-widget-text-editor\" data-id=\"698ee59\" data-element_type=\"widget\" data-e-type=\"widget\" data-widget_type=\"text-editor.default\">\n\t\t\t\t<div class=\"elementor-widget-container\">\n\t\t\t\t\t\t\t\t\t<header class=\"entry-header\"><h1 class=\"entry-title\">Sommerfest 2019<\/h1><\/header><p>Am 16.06.2019 feierten wir unser Sommerfest. Der Tag begann mit einem Gottesdienst spezial, der unter dem Motto \u201eJesus, der G\u00e4rtner\u201c stand.<\/p><p>Mittags gab es dann Leckeres vom Grill und allerlei Beilagen oder auch Waffeln. Beim Essen gab es gute Gemeinschaft und sp\u00e4ter folgten dann noch einige Beitr\u00e4ge von Kleingruppen: So hatten zum Beispiel die Kinder beim Gie\u00dfkannen-Rennen sichtlich Spa\u00df.<\/p>\t\t\t\t\t\t\t\t<\/div>\n\t\t\t\t<\/div>\n\t\t\t\t\t<\/div>\n\t\t<\/div>\n\t\t\t\t\t<\/div>\n\t\t<\/section>\n\t\t\t\t<section class=\"elementor-section elementor-top-section elementor-element elementor-element-ba259f1 elementor-section-boxed elementor-section-height-default elementor-section-height-default\" data-id=\"ba259f1\" data-element_type=\"section\" data-e-type=\"section\">\n\t\t\t\t\t\t<div class=\"elementor-container elementor-column-gap-default\">\n\t\t\t\t\t<div class=\"elementor-column elementor-col-100 elementor-top-column elementor-element elementor-element-ec607d2\" data-id=\"ec607d2\" data-element_type=\"column\" data-e-type=\"column\">\n\t\t\t<div class=\"elementor-widget-wrap elementor-element-populated\">\n\t\t\t\t\t\t<div class=\"elementor-element elementor-element-21d93db elementor-widget elementor-widget-image-gallery\" data-id=\"21d93db\" data-element_type=\"widget\" data-e-type=\"widget\" data-widget_type=\"image-gallery.default\">\n\t\t\t\t<div class=\"elementor-widget-container\">\n\t\t\t\t\t\t\t<div class=\"elementor-image-gallery\">\n\t\t\t<div id='gallery-1' class='gallery galleryid-18172 gallery-columns-3 gallery-size-full'><figure class='gallery-item'>\n\t\t\t<div class='gallery-icon landscape'>\n\t\t\t\t<a data-elementor-open-lightbox=\"yes\" data-elementor-lightbox-slideshow=\"21d93db\" data-elementor-lightbox-title=\"sommerfest-2019_001\" data-e-action-hash=\"#elementor-action%3Aaction%3Dlightbox%26settings%3DeyJpZCI6MTgyMDYsInVybCI6Imh0dHBzOlwvXC93d3cuY2hyaXN0dXMtZ2VtZWluZGUubmV0XC93b3JkcHJlc3NcL3dwLWNvbnRlbnRcL3VwbG9hZHNcLzIwMjBcLzA3XC9zb21tZXJmZXN0LTIwMTlfMDAxLmpwZyIsInNsaWRlc2hvdyI6IjIxZDkzZGIifQ%3D%3D\" href='https:\/\/www.christus-gemeinde.net\/wordpress\/wp-content\/uploads\/2020\/07\/sommerfest-2019_001.jpg'><img fetchpriority=\"high\" decoding=\"async\" width=\"800\" height=\"600\" src=\"https:\/\/www.christus-gemeinde.net\/wordpress\/wp-content\/uploads\/2020\/07\/sommerfest-2019_001.jpg\" class=\"attachment-full size-full\" alt=\"\" srcset=\"https:\/\/www.christus-gemeinde.net\/wordpress\/wp-content\/uploads\/2020\/07\/sommerfest-2019_001.jpg 800w, https:\/\/www.christus-gemeinde.net\/wordpress\/wp-content\/uploads\/2020\/07\/sommerfest-2019_001-768x576.jpg 768w, https:\/\/www.christus-gemeinde.net\/wordpress\/wp-content\/uploads\/2020\/07\/sommerfest-2019_001-600x450.jpg 600w\" sizes=\"(max-width: 800px) 100vw, 800px\" \/><\/a>\n\t\t\t<\/div><\/figure><figure class='gallery-item'>\n\t\t\t<div class='gallery-icon landscape'>\n\t\t\t\t<a data-elementor-open-lightbox=\"yes\" data-elementor-lightbox-slideshow=\"21d93db\" data-elementor-lightbox-title=\"sommerfest-2019_002\" data-e-action-hash=\"#elementor-action%3Aaction%3Dlightbox%26settings%3DeyJpZCI6MTgyMDcsInVybCI6Imh0dHBzOlwvXC93d3cuY2hyaXN0dXMtZ2VtZWluZGUubmV0XC93b3JkcHJlc3NcL3dwLWNvbnRlbnRcL3VwbG9hZHNcLzIwMjBcLzA3XC9zb21tZXJmZXN0LTIwMTlfMDAyLmpwZyIsInNsaWRlc2hvdyI6IjIxZDkzZGIifQ%3D%3D\" href='https:\/\/www.christus-gemeinde.net\/wordpress\/wp-content\/uploads\/2020\/07\/sommerfest-2019_002.jpg'><img decoding=\"async\" width=\"800\" height=\"600\" src=\"https:\/\/www.christus-gemeinde.net\/wordpress\/wp-content\/uploads\/2020\/07\/sommerfest-2019_002.jpg\" class=\"attachment-full size-full\" alt=\"\" srcset=\"https:\/\/www.christus-gemeinde.net\/wordpress\/wp-content\/uploads\/2020\/07\/sommerfest-2019_002.jpg 800w, https:\/\/www.christus-gemeinde.net\/wordpress\/wp-content\/uploads\/2020\/07\/sommerfest-2019_002-768x576.jpg 768w, https:\/\/www.christus-gemeinde.net\/wordpress\/wp-content\/uploads\/2020\/07\/sommerfest-2019_002-600x450.jpg 600w\" sizes=\"(max-width: 800px) 100vw, 800px\" \/><\/a>\n\t\t\t<\/div><\/figure><figure class='gallery-item'>\n\t\t\t<div class='gallery-icon landscape'>\n\t\t\t\t<a data-elementor-open-lightbox=\"yes\" data-elementor-lightbox-slideshow=\"21d93db\" data-elementor-lightbox-title=\"sommerfest-2019_003\" data-e-action-hash=\"#elementor-action%3Aaction%3Dlightbox%26settings%3DeyJpZCI6MTgyMDgsInVybCI6Imh0dHBzOlwvXC93d3cuY2hyaXN0dXMtZ2VtZWluZGUubmV0XC93b3JkcHJlc3NcL3dwLWNvbnRlbnRcL3VwbG9hZHNcLzIwMjBcLzA3XC9zb21tZXJmZXN0LTIwMTlfMDAzLmpwZyIsInNsaWRlc2hvdyI6IjIxZDkzZGIifQ%3D%3D\" href='https:\/\/www.christus-gemeinde.net\/wordpress\/wp-content\/uploads\/2020\/07\/sommerfest-2019_003.jpg'><img decoding=\"async\" width=\"800\" height=\"600\" src=\"https:\/\/www.christus-gemeinde.net\/wordpress\/wp-content\/uploads\/2020\/07\/sommerfest-2019_003.jpg\" class=\"attachment-full size-full\" alt=\"\" srcset=\"https:\/\/www.christus-gemeinde.net\/wordpress\/wp-content\/uploads\/2020\/07\/sommerfest-2019_003.jpg 800w, https:\/\/www.christus-gemeinde.net\/wordpress\/wp-content\/uploads\/2020\/07\/sommerfest-2019_003-768x576.jpg 768w, https:\/\/www.christus-gemeinde.net\/wordpress\/wp-content\/uploads\/2020\/07\/sommerfest-2019_003-600x450.jpg 600w\" sizes=\"(max-width: 800px) 100vw, 800px\" \/><\/a>\n\t\t\t<\/div><\/figure><figure class='gallery-item'>\n\t\t\t<div class='gallery-icon landscape'>\n\t\t\t\t<a data-elementor-open-lightbox=\"yes\" data-elementor-lightbox-slideshow=\"21d93db\" data-elementor-lightbox-title=\"sommerfest-2019_004\" data-e-action-hash=\"#elementor-action%3Aaction%3Dlightbox%26settings%3DeyJpZCI6MTgyMDksInVybCI6Imh0dHBzOlwvXC93d3cuY2hyaXN0dXMtZ2VtZWluZGUubmV0XC93b3JkcHJlc3NcL3dwLWNvbnRlbnRcL3VwbG9hZHNcLzIwMjBcLzA3XC9zb21tZXJmZXN0LTIwMTlfMDA0LmpwZyIsInNsaWRlc2hvdyI6IjIxZDkzZGIifQ%3D%3D\" href='https:\/\/www.christus-gemeinde.net\/wordpress\/wp-content\/uploads\/2020\/07\/sommerfest-2019_004.jpg'><img loading=\"lazy\" decoding=\"async\" width=\"800\" height=\"600\" src=\"https:\/\/www.christus-gemeinde.net\/wordpress\/wp-content\/uploads\/2020\/07\/sommerfest-2019_004.jpg\" class=\"attachment-full size-full\" alt=\"\" srcset=\"https:\/\/www.christus-gemeinde.net\/wordpress\/wp-content\/uploads\/2020\/07\/sommerfest-2019_004.jpg 800w, https:\/\/www.christus-gemeinde.net\/wordpress\/wp-content\/uploads\/2020\/07\/sommerfest-2019_004-768x576.jpg 768w, https:\/\/www.christus-gemeinde.net\/wordpress\/wp-content\/uploads\/2020\/07\/sommerfest-2019_004-600x450.jpg 600w\" sizes=\"(max-width: 800px) 100vw, 800px\" \/><\/a>\n\t\t\t<\/div><\/figure><figure class='gallery-item'>\n\t\t\t<div class='gallery-icon landscape'>\n\t\t\t\t<a data-elementor-open-lightbox=\"yes\" data-elementor-lightbox-slideshow=\"21d93db\" data-elementor-lightbox-title=\"sommerfest-2019_005\" data-e-action-hash=\"#elementor-action%3Aaction%3Dlightbox%26settings%3DeyJpZCI6MTgyMTAsInVybCI6Imh0dHBzOlwvXC93d3cuY2hyaXN0dXMtZ2VtZWluZGUubmV0XC93b3JkcHJlc3NcL3dwLWNvbnRlbnRcL3VwbG9hZHNcLzIwMjBcLzA3XC9zb21tZXJmZXN0LTIwMTlfMDA1LmpwZyIsInNsaWRlc2hvdyI6IjIxZDkzZGIifQ%3D%3D\" href='https:\/\/www.christus-gemeinde.net\/wordpress\/wp-content\/uploads\/2020\/07\/sommerfest-2019_005.jpg'><img loading=\"lazy\" decoding=\"async\" width=\"800\" height=\"600\" src=\"https:\/\/www.christus-gemeinde.net\/wordpress\/wp-content\/uploads\/2020\/07\/sommerfest-2019_005.jpg\" class=\"attachment-full size-full\" alt=\"\" srcset=\"https:\/\/www.christus-gemeinde.net\/wordpress\/wp-content\/uploads\/2020\/07\/sommerfest-2019_005.jpg 800w, https:\/\/www.christus-gemeinde.net\/wordpress\/wp-content\/uploads\/2020\/07\/sommerfest-2019_005-768x576.jpg 768w, https:\/\/www.christus-gemeinde.net\/wordpress\/wp-content\/uploads\/2020\/07\/sommerfest-2019_005-600x450.jpg 600w\" sizes=\"(max-width: 800px) 100vw, 800px\" \/><\/a>\n\t\t\t<\/div><\/figure><figure class='gallery-item'>\n\t\t\t<div class='gallery-icon landscape'>\n\t\t\t\t<a data-elementor-open-lightbox=\"yes\" data-elementor-lightbox-slideshow=\"21d93db\" data-elementor-lightbox-title=\"sommerfest-2019_006\" data-e-action-hash=\"#elementor-action%3Aaction%3Dlightbox%26settings%3DeyJpZCI6MTgyMTEsInVybCI6Imh0dHBzOlwvXC93d3cuY2hyaXN0dXMtZ2VtZWluZGUubmV0XC93b3JkcHJlc3NcL3dwLWNvbnRlbnRcL3VwbG9hZHNcLzIwMjBcLzA3XC9zb21tZXJmZXN0LTIwMTlfMDA2LmpwZyIsInNsaWRlc2hvdyI6IjIxZDkzZGIifQ%3D%3D\" href='https:\/\/www.christus-gemeinde.net\/wordpress\/wp-content\/uploads\/2020\/07\/sommerfest-2019_006.jpg'><img loading=\"lazy\" decoding=\"async\" width=\"800\" height=\"600\" src=\"https:\/\/www.christus-gemeinde.net\/wordpress\/wp-content\/uploads\/2020\/07\/sommerfest-2019_006.jpg\" class=\"attachment-full size-full\" alt=\"\" srcset=\"https:\/\/www.christus-gemeinde.net\/wordpress\/wp-content\/uploads\/2020\/07\/sommerfest-2019_006.jpg 800w, https:\/\/www.christus-gemeinde.net\/wordpress\/wp-content\/uploads\/2020\/07\/sommerfest-2019_006-768x576.jpg 768w, https:\/\/www.christus-gemeinde.net\/wordpress\/wp-content\/uploads\/2020\/07\/sommerfest-2019_006-600x450.jpg 600w\" sizes=\"(max-width: 800px) 100vw, 800px\" \/><\/a>\n\t\t\t<\/div><\/figure><figure class='gallery-item'>\n\t\t\t<div class='gallery-icon landscape'>\n\t\t\t\t<a data-elementor-open-lightbox=\"yes\" data-elementor-lightbox-slideshow=\"21d93db\" data-elementor-lightbox-title=\"sommerfest-2019_007\" data-e-action-hash=\"#elementor-action%3Aaction%3Dlightbox%26settings%3DeyJpZCI6MTgyMTIsInVybCI6Imh0dHBzOlwvXC93d3cuY2hyaXN0dXMtZ2VtZWluZGUubmV0XC93b3JkcHJlc3NcL3dwLWNvbnRlbnRcL3VwbG9hZHNcLzIwMjBcLzA3XC9zb21tZXJmZXN0LTIwMTlfMDA3LmpwZyIsInNsaWRlc2hvdyI6IjIxZDkzZGIifQ%3D%3D\" href='https:\/\/www.christus-gemeinde.net\/wordpress\/wp-content\/uploads\/2020\/07\/sommerfest-2019_007.jpg'><img loading=\"lazy\" decoding=\"async\" width=\"800\" height=\"600\" src=\"https:\/\/www.christus-gemeinde.net\/wordpress\/wp-content\/uploads\/2020\/07\/sommerfest-2019_007.jpg\" class=\"attachment-full size-full\" alt=\"\" srcset=\"https:\/\/www.christus-gemeinde.net\/wordpress\/wp-content\/uploads\/2020\/07\/sommerfest-2019_007.jpg 800w, https:\/\/www.christus-gemeinde.net\/wordpress\/wp-content\/uploads\/2020\/07\/sommerfest-2019_007-768x576.jpg 768w, https:\/\/www.christus-gemeinde.net\/wordpress\/wp-content\/uploads\/2020\/07\/sommerfest-2019_007-600x450.jpg 600w\" sizes=\"(max-width: 800px) 100vw, 800px\" \/><\/a>\n\t\t\t<\/div><\/figure><figure class='gallery-item'>\n\t\t\t<div class='gallery-icon landscape'>\n\t\t\t\t<a data-elementor-open-lightbox=\"yes\" data-elementor-lightbox-slideshow=\"21d93db\" data-elementor-lightbox-title=\"sommerfest-2019_008\" data-e-action-hash=\"#elementor-action%3Aaction%3Dlightbox%26settings%3DeyJpZCI6MTgyMTMsInVybCI6Imh0dHBzOlwvXC93d3cuY2hyaXN0dXMtZ2VtZWluZGUubmV0XC93b3JkcHJlc3NcL3dwLWNvbnRlbnRcL3VwbG9hZHNcLzIwMjBcLzA3XC9zb21tZXJmZXN0LTIwMTlfMDA4LmpwZyIsInNsaWRlc2hvdyI6IjIxZDkzZGIifQ%3D%3D\" href='https:\/\/www.christus-gemeinde.net\/wordpress\/wp-content\/uploads\/2020\/07\/sommerfest-2019_008.jpg'><img loading=\"lazy\" decoding=\"async\" width=\"800\" height=\"600\" src=\"https:\/\/www.christus-gemeinde.net\/wordpress\/wp-content\/uploads\/2020\/07\/sommerfest-2019_008.jpg\" class=\"attachment-full size-full\" alt=\"\" srcset=\"https:\/\/www.christus-gemeinde.net\/wordpress\/wp-content\/uploads\/2020\/07\/sommerfest-2019_008.jpg 800w, https:\/\/www.christus-gemeinde.net\/wordpress\/wp-content\/uploads\/2020\/07\/sommerfest-2019_008-768x576.jpg 768w, https:\/\/www.christus-gemeinde.net\/wordpress\/wp-content\/uploads\/2020\/07\/sommerfest-2019_008-600x450.jpg 600w\" sizes=\"(max-width: 800px) 100vw, 800px\" \/><\/a>\n\t\t\t<\/div><\/figure><figure class='gallery-item'>\n\t\t\t<div class='gallery-icon landscape'>\n\t\t\t\t<a data-elementor-open-lightbox=\"yes\" data-elementor-lightbox-slideshow=\"21d93db\" data-elementor-lightbox-title=\"sommerfest-2019_009\" data-e-action-hash=\"#elementor-action%3Aaction%3Dlightbox%26settings%3DeyJpZCI6MTgyMTQsInVybCI6Imh0dHBzOlwvXC93d3cuY2hyaXN0dXMtZ2VtZWluZGUubmV0XC93b3JkcHJlc3NcL3dwLWNvbnRlbnRcL3VwbG9hZHNcLzIwMjBcLzA3XC9zb21tZXJmZXN0LTIwMTlfMDA5LmpwZyIsInNsaWRlc2hvdyI6IjIxZDkzZGIifQ%3D%3D\" href='https:\/\/www.christus-gemeinde.net\/wordpress\/wp-content\/uploads\/2020\/07\/sommerfest-2019_009.jpg'><img loading=\"lazy\" decoding=\"async\" width=\"800\" height=\"600\" src=\"https:\/\/www.christus-gemeinde.net\/wordpress\/wp-content\/uploads\/2020\/07\/sommerfest-2019_009.jpg\" class=\"attachment-full size-full\" alt=\"\" srcset=\"https:\/\/www.christus-gemeinde.net\/wordpress\/wp-content\/uploads\/2020\/07\/sommerfest-2019_009.jpg 800w, https:\/\/www.christus-gemeinde.net\/wordpress\/wp-content\/uploads\/2020\/07\/sommerfest-2019_009-768x576.jpg 768w, https:\/\/www.christus-gemeinde.net\/wordpress\/wp-content\/uploads\/2020\/07\/sommerfest-2019_009-600x450.jpg 600w\" sizes=\"(max-width: 800px) 100vw, 800px\" \/><\/a>\n\t\t\t<\/div><\/figure><figure class='gallery-item'>\n\t\t\t<div class='gallery-icon landscape'>\n\t\t\t\t<a data-elementor-open-lightbox=\"yes\" data-elementor-lightbox-slideshow=\"21d93db\" data-elementor-lightbox-title=\"sommerfest-2019_010\" data-e-action-hash=\"#elementor-action%3Aaction%3Dlightbox%26settings%3DeyJpZCI6MTgyMTUsInVybCI6Imh0dHBzOlwvXC93d3cuY2hyaXN0dXMtZ2VtZWluZGUubmV0XC93b3JkcHJlc3NcL3dwLWNvbnRlbnRcL3VwbG9hZHNcLzIwMjBcLzA3XC9zb21tZXJmZXN0LTIwMTlfMDEwLmpwZyIsInNsaWRlc2hvdyI6IjIxZDkzZGIifQ%3D%3D\" href='https:\/\/www.christus-gemeinde.net\/wordpress\/wp-content\/uploads\/2020\/07\/sommerfest-2019_010.jpg'><img loading=\"lazy\" decoding=\"async\" width=\"800\" height=\"600\" src=\"https:\/\/www.christus-gemeinde.net\/wordpress\/wp-content\/uploads\/2020\/07\/sommerfest-2019_010.jpg\" class=\"attachment-full size-full\" alt=\"\" srcset=\"https:\/\/www.christus-gemeinde.net\/wordpress\/wp-content\/uploads\/2020\/07\/sommerfest-2019_010.jpg 800w, https:\/\/www.christus-gemeinde.net\/wordpress\/wp-content\/uploads\/2020\/07\/sommerfest-2019_010-768x576.jpg 768w, https:\/\/www.christus-gemeinde.net\/wordpress\/wp-content\/uploads\/2020\/07\/sommerfest-2019_010-600x450.jpg 600w\" sizes=\"(max-width: 800px) 100vw, 800px\" \/><\/a>\n\t\t\t<\/div><\/figure><figure class='gallery-item'>\n\t\t\t<div class='gallery-icon landscape'>\n\t\t\t\t<a data-elementor-open-lightbox=\"yes\" data-elementor-lightbox-slideshow=\"21d93db\" data-elementor-lightbox-title=\"sommerfest-2019_011\" data-e-action-hash=\"#elementor-action%3Aaction%3Dlightbox%26settings%3DeyJpZCI6MTgyMTYsInVybCI6Imh0dHBzOlwvXC93d3cuY2hyaXN0dXMtZ2VtZWluZGUubmV0XC93b3JkcHJlc3NcL3dwLWNvbnRlbnRcL3VwbG9hZHNcLzIwMjBcLzA3XC9zb21tZXJmZXN0LTIwMTlfMDExLmpwZyIsInNsaWRlc2hvdyI6IjIxZDkzZGIifQ%3D%3D\" href='https:\/\/www.christus-gemeinde.net\/wordpress\/wp-content\/uploads\/2020\/07\/sommerfest-2019_011.jpg'><img loading=\"lazy\" decoding=\"async\" width=\"800\" height=\"600\" src=\"https:\/\/www.christus-gemeinde.net\/wordpress\/wp-content\/uploads\/2020\/07\/sommerfest-2019_011.jpg\" class=\"attachment-full size-full\" alt=\"\" srcset=\"https:\/\/www.christus-gemeinde.net\/wordpress\/wp-content\/uploads\/2020\/07\/sommerfest-2019_011.jpg 800w, https:\/\/www.christus-gemeinde.net\/wordpress\/wp-content\/uploads\/2020\/07\/sommerfest-2019_011-768x576.jpg 768w, https:\/\/www.christus-gemeinde.net\/wordpress\/wp-content\/uploads\/2020\/07\/sommerfest-2019_011-600x450.jpg 600w\" sizes=\"(max-width: 800px) 100vw, 800px\" \/><\/a>\n\t\t\t<\/div><\/figure><figure class='gallery-item'>\n\t\t\t<div class='gallery-icon landscape'>\n\t\t\t\t<a data-elementor-open-lightbox=\"yes\" data-elementor-lightbox-slideshow=\"21d93db\" data-elementor-lightbox-title=\"sommerfest-2019_012\" data-e-action-hash=\"#elementor-action%3Aaction%3Dlightbox%26settings%3DeyJpZCI6MTgyMTcsInVybCI6Imh0dHBzOlwvXC93d3cuY2hyaXN0dXMtZ2VtZWluZGUubmV0XC93b3JkcHJlc3NcL3dwLWNvbnRlbnRcL3VwbG9hZHNcLzIwMjBcLzA3XC9zb21tZXJmZXN0LTIwMTlfMDEyLmpwZyIsInNsaWRlc2hvdyI6IjIxZDkzZGIifQ%3D%3D\" href='https:\/\/www.christus-gemeinde.net\/wordpress\/wp-content\/uploads\/2020\/07\/sommerfest-2019_012.jpg'><img loading=\"lazy\" decoding=\"async\" width=\"800\" height=\"600\" src=\"https:\/\/www.christus-gemeinde.net\/wordpress\/wp-content\/uploads\/2020\/07\/sommerfest-2019_012.jpg\" class=\"attachment-full size-full\" alt=\"\" srcset=\"https:\/\/www.christus-gemeinde.net\/wordpress\/wp-content\/uploads\/2020\/07\/sommerfest-2019_012.jpg 800w, https:\/\/www.christus-gemeinde.net\/wordpress\/wp-content\/uploads\/2020\/07\/sommerfest-2019_012-768x576.jpg 768w, https:\/\/www.christus-gemeinde.net\/wordpress\/wp-content\/uploads\/2020\/07\/sommerfest-2019_012-600x450.jpg 600w\" sizes=\"(max-width: 800px) 100vw, 800px\" \/><\/a>\n\t\t\t<\/div><\/figure><figure class='gallery-item'>\n\t\t\t<div class='gallery-icon landscape'>\n\t\t\t\t<a data-elementor-open-lightbox=\"yes\" data-elementor-lightbox-slideshow=\"21d93db\" data-elementor-lightbox-title=\"sommerfest-2019_013\" data-e-action-hash=\"#elementor-action%3Aaction%3Dlightbox%26settings%3DeyJpZCI6MTgyMTgsInVybCI6Imh0dHBzOlwvXC93d3cuY2hyaXN0dXMtZ2VtZWluZGUubmV0XC93b3JkcHJlc3NcL3dwLWNvbnRlbnRcL3VwbG9hZHNcLzIwMjBcLzA3XC9zb21tZXJmZXN0LTIwMTlfMDEzLmpwZyIsInNsaWRlc2hvdyI6IjIxZDkzZGIifQ%3D%3D\" href='https:\/\/www.christus-gemeinde.net\/wordpress\/wp-content\/uploads\/2020\/07\/sommerfest-2019_013.jpg'><img loading=\"lazy\" decoding=\"async\" width=\"800\" height=\"600\" src=\"https:\/\/www.christus-gemeinde.net\/wordpress\/wp-content\/uploads\/2020\/07\/sommerfest-2019_013.jpg\" class=\"attachment-full size-full\" alt=\"\" srcset=\"https:\/\/www.christus-gemeinde.net\/wordpress\/wp-content\/uploads\/2020\/07\/sommerfest-2019_013.jpg 800w, https:\/\/www.christus-gemeinde.net\/wordpress\/wp-content\/uploads\/2020\/07\/sommerfest-2019_013-768x576.jpg 768w, https:\/\/www.christus-gemeinde.net\/wordpress\/wp-content\/uploads\/2020\/07\/sommerfest-2019_013-600x450.jpg 600w\" sizes=\"(max-width: 800px) 100vw, 800px\" \/><\/a>\n\t\t\t<\/div><\/figure><figure class='gallery-item'>\n\t\t\t<div class='gallery-icon landscape'>\n\t\t\t\t<a data-elementor-open-lightbox=\"yes\" data-elementor-lightbox-slideshow=\"21d93db\" data-elementor-lightbox-title=\"sommerfest-2019_014\" data-e-action-hash=\"#elementor-action%3Aaction%3Dlightbox%26settings%3DeyJpZCI6MTgyMTksInVybCI6Imh0dHBzOlwvXC93d3cuY2hyaXN0dXMtZ2VtZWluZGUubmV0XC93b3JkcHJlc3NcL3dwLWNvbnRlbnRcL3VwbG9hZHNcLzIwMjBcLzA3XC9zb21tZXJmZXN0LTIwMTlfMDE0LmpwZyIsInNsaWRlc2hvdyI6IjIxZDkzZGIifQ%3D%3D\" href='https:\/\/www.christus-gemeinde.net\/wordpress\/wp-content\/uploads\/2020\/07\/sommerfest-2019_014.jpg'><img loading=\"lazy\" decoding=\"async\" width=\"800\" height=\"600\" src=\"https:\/\/www.christus-gemeinde.net\/wordpress\/wp-content\/uploads\/2020\/07\/sommerfest-2019_014.jpg\" class=\"attachment-full size-full\" alt=\"\" srcset=\"https:\/\/www.christus-gemeinde.net\/wordpress\/wp-content\/uploads\/2020\/07\/sommerfest-2019_014.jpg 800w, https:\/\/www.christus-gemeinde.net\/wordpress\/wp-content\/uploads\/2020\/07\/sommerfest-2019_014-768x576.jpg 768w, https:\/\/www.christus-gemeinde.net\/wordpress\/wp-content\/uploads\/2020\/07\/sommerfest-2019_014-600x450.jpg 600w\" sizes=\"(max-width: 800px) 100vw, 800px\" \/><\/a>\n\t\t\t<\/div><\/figure><figure class='gallery-item'>\n\t\t\t<div class='gallery-icon landscape'>\n\t\t\t\t<a data-elementor-open-lightbox=\"yes\" data-elementor-lightbox-slideshow=\"21d93db\" data-elementor-lightbox-title=\"sommerfest-2019_015\" data-e-action-hash=\"#elementor-action%3Aaction%3Dlightbox%26settings%3DeyJpZCI6MTgyMjAsInVybCI6Imh0dHBzOlwvXC93d3cuY2hyaXN0dXMtZ2VtZWluZGUubmV0XC93b3JkcHJlc3NcL3dwLWNvbnRlbnRcL3VwbG9hZHNcLzIwMjBcLzA3XC9zb21tZXJmZXN0LTIwMTlfMDE1LmpwZyIsInNsaWRlc2hvdyI6IjIxZDkzZGIifQ%3D%3D\" href='https:\/\/www.christus-gemeinde.net\/wordpress\/wp-content\/uploads\/2020\/07\/sommerfest-2019_015.jpg'><img loading=\"lazy\" decoding=\"async\" width=\"800\" height=\"600\" src=\"https:\/\/www.christus-gemeinde.net\/wordpress\/wp-content\/uploads\/2020\/07\/sommerfest-2019_015.jpg\" class=\"attachment-full size-full\" alt=\"\" srcset=\"https:\/\/www.christus-gemeinde.net\/wordpress\/wp-content\/uploads\/2020\/07\/sommerfest-2019_015.jpg 800w, https:\/\/www.christus-gemeinde.net\/wordpress\/wp-content\/uploads\/2020\/07\/sommerfest-2019_015-768x576.jpg 768w, https:\/\/www.christus-gemeinde.net\/wordpress\/wp-content\/uploads\/2020\/07\/sommerfest-2019_015-600x450.jpg 600w\" sizes=\"(max-width: 800px) 100vw, 800px\" \/><\/a>\n\t\t\t<\/div><\/figure>\n\t\t<\/div>\n\t\t<\/div>\n\t\t\t\t\t\t<\/div>\n\t\t\t\t<\/div>\n\t\t\t\t\t<\/div>\n\t\t<\/div>\n\t\t\t\t\t<\/div>\n\t\t<\/section>\n\t\t\t\t<\/div>\n\t\t","protected":false},"excerpt":{"rendered":"<p>Sommerfest 2019 Am 16.06.2019 feierten wir unser Sommerfest. Der Tag begann mit einem Gottesdienst spezial, der unter dem Motto \u201eJesus, der G\u00e4rtner\u201c stand. Mittags gab es dann Leckeres vom Grill und allerlei Beilagen oder auch Waffeln. Beim Essen gab es gute Gemeinschaft und sp\u00e4ter folgten dann noch einige Beitr\u00e4ge von Kleingruppen: So hatten zum Beispiel<\/p>\n","protected":false},"author":3,"featured_media":0,"parent":5577,"menu_order":10,"comment_status":"closed","ping_status":"closed","template":"","meta":{"h5ap_radio_sources":[],"footnotes":""},"class_list":["post-18172","page","type-page","status-publish","hentry"],"aioseo_notices":[],"_links":{"self":[{"href":"https:\/\/www.christus-gemeinde.net\/cms\/wp-json\/wp\/v2\/pages\/18172","targetHints":{"allow":["GET"]}}],"collection":[{"href":"https:\/\/www.christus-gemeinde.net\/cms\/wp-json\/wp\/v2\/pages"}],"about":[{"href":"https:\/\/www.christus-gemeinde.net\/cms\/wp-json\/wp\/v2\/types\/page"}],"author":[{"embeddable":true,"href":"https:\/\/www.christus-gemeinde.net\/cms\/wp-json\/wp\/v2\/users\/3"}],"replies":[{"embeddable":true,"href":"https:\/\/www.christus-gemeinde.net\/cms\/wp-json\/wp\/v2\/comments?post=18172"}],"version-history":[{"count":6,"href":"https:\/\/www.christus-gemeinde.net\/cms\/wp-json\/wp\/v2\/pages\/18172\/revisions"}],"predecessor-version":[{"id":18284,"href":"https:\/\/www.christus-gemeinde.net\/cms\/wp-json\/wp\/v2\/pages\/18172\/revisions\/18284"}],"up":[{"embeddable":true,"href":"https:\/\/www.christus-gemeinde.net\/cms\/wp-json\/wp\/v2\/pages\/5577"}],"wp:attachment":[{"href":"https:\/\/www.christus-gemeinde.net\/cms\/wp-json\/wp\/v2\/media?parent=18172"}],"curies":[{"name":"wp","href":"https:\/\/api.w.org\/{rel}","templated":true}]}}