{"id":18075,"date":"2020-07-25T16:56:05","date_gmt":"2020-07-25T14:56:05","guid":{"rendered":"https:\/\/www.christus-gemeinde.net\/web\/cms\/?page_id=18075"},"modified":"2020-07-25T17:58:35","modified_gmt":"2020-07-25T15:58:35","slug":"funktionen-der-aeltesten","status":"publish","type":"page","link":"https:\/\/www.christus-gemeinde.net\/cms\/medien\/texte\/funktionen-der-aeltesten\/","title":{"rendered":"Funktionen der \u00c4ltesten &#8211; besondere Dienste der F\u00fchrung"},"content":{"rendered":"\t\t<div data-elementor-type=\"wp-page\" data-elementor-id=\"18075\" class=\"elementor elementor-18075\" data-elementor-post-type=\"page\">\n\t\t\t\t\t\t<section class=\"elementor-section elementor-top-section elementor-element elementor-element-d52fdb8 elementor-section-boxed elementor-section-height-default elementor-section-height-default\" data-id=\"d52fdb8\" data-element_type=\"section\" data-e-type=\"section\">\n\t\t\t\t\t\t<div class=\"elementor-container elementor-column-gap-default\">\n\t\t\t\t\t<div class=\"elementor-column elementor-col-100 elementor-top-column elementor-element elementor-element-5a98b44\" data-id=\"5a98b44\" data-element_type=\"column\" data-e-type=\"column\">\n\t\t\t<div class=\"elementor-widget-wrap elementor-element-populated\">\n\t\t\t\t\t\t<div class=\"elementor-element elementor-element-3a1c02c elementor-widget elementor-widget-text-editor\" data-id=\"3a1c02c\" data-element_type=\"widget\" data-e-type=\"widget\" data-widget_type=\"text-editor.default\">\n\t\t\t\t<div class=\"elementor-widget-container\">\n\t\t\t\t\t\t\t\t\t<h1>Funktionen der \u00c4ltesten &#8211; besondere Dienste der F\u00fchrung<\/h1><p>(gek\u00fcrzte Beschreibung)<\/p><p>In Epheser 4,11-16 wird die &#8222;Setzung&#8220;, das hei\u00dft die Berufung und Best\u00e4tigung in und im Gemeindedienst(e\/en) beschrieben. 5 unterschiedliche Aufgabenbereiche sind zu erkennen und zu kl\u00e4ren:<\/p><h2>a) Der Dienst der Apostel<\/h2><p>Apostel haben Gemeindegr\u00fcndungs, Leitungs, Aufsichts und Ordnungsaufgaben. Sie haben ihre Autorit\u00e4t nicht durch ihr Amt oder durch Mehrheitsbeschluss einer Gemeindeversammlung, sondern durch ihre geistliche Qualifikation. Sie sind von Jesus Christus durch pers\u00f6nliche Offenbarung, Weissagung oder Prophetie berufen, und haben einen \u00fcber\u00f6rtlichen, \u00fcbergemeindlichen und \u00fcberkonfessionellen F\u00fchrungsauftrag f\u00fcr die Gesamtgemeinde Jesu Christi. Sie sind nicht an einzelne Gemeinden gebunden, sondern sehen auf das Ganze und den Zusammenhalt des ganzen Leibes Christi. Sie setzen \u00c4lteste ein und haben eine besondere Leidensf\u00e4higkeit (Apg.14,3). Apostel, wie aus der Gr\u00fcnderzeit (siehe Apostelgeschichte) finden sich in der Geschichte der Gemeinde Jesu Christi nicht mehr. Apostolische Vollmacht ist aber jeder \u00f6rtlichen Christusgemeinde von Christus durch den heiligen Geist gegeben. \u00c4lteste sollen in apostolischer Vollmacht handeln.<\/p><h2>b) Der Dienst der Propheten<\/h2><p>Propheten haben die Aufgabe der Gemeindeauferbauung und der geist1ichen Zur\u00fcstung und Ausrichtung der Gemeinde und ihrer Glieder. Sie schauen Geheimnisse Gottes, haben Einsichten in g\u00f6ttliche Gedanken, Pl\u00e4ne und Absichten. Sie haben unmittelbare Offenbarungen \u00fcber Menschen, Zeiten und Weltsituationen. Sie erkennen Zusammenh\u00e4nge, Ursachen und Auswirkungen von Geschehnissen und Verhaltensweisen. Sie treffen mit ihrem geoffenbarten, inspirierten Wort, und durch das vom heiligen Geist ausgelegte Bibelwort das Gewissen der Menschen. Propheten sind nur durch andere schriftkundige Propheten pr\u00fcfbar.<\/p><h2>c) Der Dienst der Evangelisten<\/h2><p>Evangelisten sind \u00c4lteste mit \u00dcbergemeindlichen Diensten mit der Aufgabe der Evangeliumsverk\u00fcndigung, damit Menschen an Jesus Christus gl\u00e4ubig werden (2.Tim.4,5). Im evangelistischen Dienst machen diese \u00c4ltesten Christus und sein Erl\u00f6sungswerk gro\u00df. Sie haben die F\u00e4higkeit (Gabe), von jedermann verstanden zu werden. Mit ihrem Auftrag sind in unterschiedlicher Zuordnung Gaben der Prophetie und Weissagung, der Lehre und der Seelsorge verbunden.<\/p><h2>d) Der Dienst der Hirten<\/h2><p>Hirten sind Seelsorger und haben am Leib Christi, an der Gemeinde, eine Schl\u00fcsselfunktion. Sie haben einen Zugang zu den Herzen der Menschen. Sie leiten, locken, versorgen, tr\u00f6sten und ermutigen; sie gehen &#8222;der Herde&#8220; voran, ermahnen, drohen und strafen; sie zeigen die Konsequenzen eines s\u00fcndigen Verhaltens und Tuns auf. Mit den Gaben der Weisheit, der Erkenntnis, der Barmherzigkeit und des Helfens werden Seelsorger und Hirten zu Parakleten, d.h. zu Tr\u00f6stern und Anw\u00e4lten. Zu ihrem Dienst geh\u00f6rt Zuh\u00f6ren und Verschwiegenheit, Erdulden und Mitleiden, aber auch Furchtlosigkeit vor ungeistlichen Reaktionen der ihnen Anvertrauten.<\/p><h2>e) Der Dienst der Lehrer<\/h2><p>\u00c4lteste, die Lehrer sind haben die Aufgabe der biblischen, theologischen und geistlichen Lehre; sie sind damit Vermittler von Bibelwissen und \u00dcbermittler des Willens Gottes. Damit die Gemeinde rein erhalten wird und m\u00fcndig und f\u00e4hig zum geistlichen Dienst, sind die Lehrer verantwortlich f\u00fcr das Wachstum des Glaubens durch richtige biblischgeistliche Ern\u00e4hrung der Gemeindeglieder. So k\u00f6nnen gleichzeitig Irrlehrer und Irrlehren erkannt und abgewehrt werden. Die Zusammensetzung der Gemeinde nach Generationen und Bildungsschichten erfordert unterschiedliche Lehrgaben, Lehrziele, Lehrstufen und Lehrg\u00e4nge.<\/p><h2>Fazit<\/h2><p>Dass die geistliche Zur\u00fcstung der Gemeinde nur durch gute Zusammenarbeit aller \u00c4ltesten mit ihren unterschiedlichen Diensten gew\u00e4hrleistet ist, liegt auf der Hand. Alle erg\u00e4nzen und unterst\u00fctzen einander. Jegliche Gegnerschaft ist Schuld, und darum Mitschuld am geistlichen Niedergang und Tod der Gemeinde und ihrer Glieder.<\/p><p><em>von Willi Bergemann<\/em><\/p>\t\t\t\t\t\t\t\t<\/div>\n\t\t\t\t<\/div>\n\t\t\t\t\t<\/div>\n\t\t<\/div>\n\t\t\t\t\t<\/div>\n\t\t<\/section>\n\t\t\t\t<\/div>\n\t\t","protected":false},"excerpt":{"rendered":"<p>Funktionen der \u00c4ltesten &#8211; besondere Dienste der F\u00fchrung (gek\u00fcrzte Beschreibung) In Epheser 4,11-16 wird die &#8222;Setzung&#8220;, das hei\u00dft die Berufung und Best\u00e4tigung in und im Gemeindedienst(e\/en) beschrieben. 5 unterschiedliche Aufgabenbereiche sind zu erkennen und zu kl\u00e4ren: a) Der Dienst der Apostel Apostel haben Gemeindegr\u00fcndungs, Leitungs, Aufsichts und Ordnungsaufgaben. Sie haben ihre Autorit\u00e4t nicht durch ihr<\/p>\n","protected":false},"author":3,"featured_media":0,"parent":16965,"menu_order":2,"comment_status":"closed","ping_status":"closed","template":"","meta":{"h5ap_radio_sources":[],"footnotes":""},"class_list":["post-18075","page","type-page","status-publish","hentry"],"aioseo_notices":[],"_links":{"self":[{"href":"https:\/\/www.christus-gemeinde.net\/cms\/wp-json\/wp\/v2\/pages\/18075","targetHints":{"allow":["GET"]}}],"collection":[{"href":"https:\/\/www.christus-gemeinde.net\/cms\/wp-json\/wp\/v2\/pages"}],"about":[{"href":"https:\/\/www.christus-gemeinde.net\/cms\/wp-json\/wp\/v2\/types\/page"}],"author":[{"embeddable":true,"href":"https:\/\/www.christus-gemeinde.net\/cms\/wp-json\/wp\/v2\/users\/3"}],"replies":[{"embeddable":true,"href":"https:\/\/www.christus-gemeinde.net\/cms\/wp-json\/wp\/v2\/comments?post=18075"}],"version-history":[{"count":4,"href":"https:\/\/www.christus-gemeinde.net\/cms\/wp-json\/wp\/v2\/pages\/18075\/revisions"}],"predecessor-version":[{"id":18117,"href":"https:\/\/www.christus-gemeinde.net\/cms\/wp-json\/wp\/v2\/pages\/18075\/revisions\/18117"}],"up":[{"embeddable":true,"href":"https:\/\/www.christus-gemeinde.net\/cms\/wp-json\/wp\/v2\/pages\/16965"}],"wp:attachment":[{"href":"https:\/\/www.christus-gemeinde.net\/cms\/wp-json\/wp\/v2\/media?parent=18075"}],"curies":[{"name":"wp","href":"https:\/\/api.w.org\/{rel}","templated":true}]}}