{"id":17359,"date":"2019-12-16T11:35:16","date_gmt":"2019-12-16T10:35:16","guid":{"rendered":"https:\/\/christus-gemeinde.net\/wordpress-neu\/seniorengruppe-herbstzeitlose-2-copy\/"},"modified":"2025-01-15T19:03:57","modified_gmt":"2025-01-15T18:03:57","slug":"wandertage","status":"publish","type":"page","link":"https:\/\/www.christus-gemeinde.net\/cms\/gemeindeleben\/wandertage\/","title":{"rendered":"Wandertage"},"content":{"rendered":"\t\t<div data-elementor-type=\"wp-page\" data-elementor-id=\"17359\" class=\"elementor elementor-17359\" data-elementor-post-type=\"page\">\n\t\t\t\t\t\t<section class=\"elementor-section elementor-top-section elementor-element elementor-element-ad432b9 elementor-section-boxed elementor-section-height-default elementor-section-height-default\" data-id=\"ad432b9\" data-element_type=\"section\" data-e-type=\"section\">\n\t\t\t\t\t\t<div class=\"elementor-container elementor-column-gap-default\">\n\t\t\t\t\t<div class=\"elementor-column elementor-col-100 elementor-top-column elementor-element elementor-element-f10d152\" data-id=\"f10d152\" data-element_type=\"column\" data-e-type=\"column\">\n\t\t\t<div class=\"elementor-widget-wrap elementor-element-populated\">\n\t\t\t\t\t\t<div class=\"elementor-element elementor-element-d56d03d elementor-widget elementor-widget-text-editor\" data-id=\"d56d03d\" data-element_type=\"widget\" data-e-type=\"widget\" data-widget_type=\"text-editor.default\">\n\t\t\t\t<div class=\"elementor-widget-container\">\n\t\t\t\t\t\t\t\t\t<header class=\"entry-header\"><h1 class=\"entry-title\">Wandertage<\/h1><\/header><div class=\"entry-content\"><p>Gesundheit ist ein wichtiges Thema: Gesundheit nach K\u00f6rper, Geist und Seele.<br \/>Deswegen schn\u00fcren wir (mindestens) zweimal im Jahr die Schuhe, packen die R\u00fccks\u00e4cke und machen uns auf in Gottes sch\u00f6ne Sch\u00f6pfung. Wir beginnen den Tag und gute Laune stellt sich dabei immer von alleine ein.<\/p><p>Treffpunkt, von dem aus wir gemeinsam starten, ist dabei immer der Gemeindeparkplatz.<\/p><p>W\u00e4hrend der Wanderungen sind die Natur und der gemeinsame Austausch immer wieder eine Freude f\u00fcr alle, die mitkommen. Wir wandern immer an unterschiedlichen Stellen in der n\u00e4hren Umgebung.<\/p><p>Zum Abschluss kehren wir gemeinsam ein und lassen den Wandertag bei Kaffee und Kuchen gem\u00fctlich ausklingen.<\/p><\/div>\t\t\t\t\t\t\t\t<\/div>\n\t\t\t\t<\/div>\n\t\t\t\t\t<\/div>\n\t\t<\/div>\n\t\t\t\t\t<\/div>\n\t\t<\/section>\n\t\t\t\t<section class=\"elementor-section elementor-top-section elementor-element elementor-element-e545075 elementor-section-boxed elementor-section-height-default elementor-section-height-default\" data-id=\"e545075\" data-element_type=\"section\" data-e-type=\"section\">\n\t\t\t\t\t\t<div class=\"elementor-container elementor-column-gap-default\">\n\t\t\t\t\t<div class=\"elementor-column elementor-col-50 elementor-top-column elementor-element elementor-element-74df637\" data-id=\"74df637\" data-element_type=\"column\" data-e-type=\"column\">\n\t\t\t<div class=\"elementor-widget-wrap elementor-element-populated\">\n\t\t\t\t\t\t<div class=\"elementor-element elementor-element-2567ac9 elementor-widget elementor-widget-image\" data-id=\"2567ac9\" data-element_type=\"widget\" data-e-type=\"widget\" title=\"Wandertag\" data-widget_type=\"image.default\">\n\t\t\t\t<div class=\"elementor-widget-container\">\n\t\t\t\t\t\t\t\t\t\t\t\t\t\t\t<img fetchpriority=\"high\" decoding=\"async\" width=\"600\" height=\"450\" src=\"https:\/\/www.christus-gemeinde.net\/wordpress\/wp-content\/uploads\/2020\/07\/wandertage-1.jpg\" class=\"attachment-large size-large wp-image-18459\" alt=\"Wandertag\" \/>\t\t\t\t\t\t\t\t\t\t\t\t\t\t\t<\/div>\n\t\t\t\t<\/div>\n\t\t\t\t\t<\/div>\n\t\t<\/div>\n\t\t\t\t<div class=\"elementor-column elementor-col-50 elementor-top-column elementor-element elementor-element-58b1763\" data-id=\"58b1763\" data-element_type=\"column\" data-e-type=\"column\">\n\t\t\t<div class=\"elementor-widget-wrap elementor-element-populated\">\n\t\t\t\t\t\t<div class=\"elementor-element elementor-element-ad453a7 elementor-widget elementor-widget-image\" data-id=\"ad453a7\" data-element_type=\"widget\" data-e-type=\"widget\" title=\"Wandertag\" data-widget_type=\"image.default\">\n\t\t\t\t<div class=\"elementor-widget-container\">\n\t\t\t\t\t\t\t\t\t\t\t\t\t\t\t<img decoding=\"async\" width=\"600\" height=\"450\" src=\"https:\/\/www.christus-gemeinde.net\/wordpress\/wp-content\/uploads\/2020\/07\/wandertage-2.jpg\" class=\"attachment-large size-large wp-image-18460\" alt=\"Wandertag\" \/>\t\t\t\t\t\t\t\t\t\t\t\t\t\t\t<\/div>\n\t\t\t\t<\/div>\n\t\t\t\t\t<\/div>\n\t\t<\/div>\n\t\t\t\t\t<\/div>\n\t\t<\/section>\n\t\t\t\t<\/div>\n\t\t","protected":false},"excerpt":{"rendered":"<p>Wandertage Gesundheit ist ein wichtiges Thema: Gesundheit nach K\u00f6rper, Geist und Seele.Deswegen schn\u00fcren wir (mindestens) zweimal im Jahr die Schuhe, packen die R\u00fccks\u00e4cke und machen uns auf in Gottes sch\u00f6ne Sch\u00f6pfung. Wir beginnen den Tag und gute Laune stellt sich dabei immer von alleine ein. Treffpunkt, von dem aus wir gemeinsam starten, ist dabei immer<\/p>\n","protected":false},"author":3,"featured_media":0,"parent":5757,"menu_order":10,"comment_status":"closed","ping_status":"closed","template":"","meta":{"h5ap_radio_sources":[],"footnotes":""},"class_list":["post-17359","page","type-page","status-publish","hentry"],"aioseo_notices":[],"_links":{"self":[{"href":"https:\/\/www.christus-gemeinde.net\/cms\/wp-json\/wp\/v2\/pages\/17359","targetHints":{"allow":["GET"]}}],"collection":[{"href":"https:\/\/www.christus-gemeinde.net\/cms\/wp-json\/wp\/v2\/pages"}],"about":[{"href":"https:\/\/www.christus-gemeinde.net\/cms\/wp-json\/wp\/v2\/types\/page"}],"author":[{"embeddable":true,"href":"https:\/\/www.christus-gemeinde.net\/cms\/wp-json\/wp\/v2\/users\/3"}],"replies":[{"embeddable":true,"href":"https:\/\/www.christus-gemeinde.net\/cms\/wp-json\/wp\/v2\/comments?post=17359"}],"version-history":[{"count":14,"href":"https:\/\/www.christus-gemeinde.net\/cms\/wp-json\/wp\/v2\/pages\/17359\/revisions"}],"predecessor-version":[{"id":20061,"href":"https:\/\/www.christus-gemeinde.net\/cms\/wp-json\/wp\/v2\/pages\/17359\/revisions\/20061"}],"up":[{"embeddable":true,"href":"https:\/\/www.christus-gemeinde.net\/cms\/wp-json\/wp\/v2\/pages\/5757"}],"wp:attachment":[{"href":"https:\/\/www.christus-gemeinde.net\/cms\/wp-json\/wp\/v2\/media?parent=17359"}],"curies":[{"name":"wp","href":"https:\/\/api.w.org\/{rel}","templated":true}]}}