{"id":17349,"date":"2019-12-16T11:25:10","date_gmt":"2019-12-16T10:25:10","guid":{"rendered":"https:\/\/christus-gemeinde.net\/wordpress-neu\/gottesdienst-spezial-copy\/"},"modified":"2025-01-15T19:04:46","modified_gmt":"2025-01-15T18:04:46","slug":"seniorengruppe","status":"publish","type":"page","link":"https:\/\/www.christus-gemeinde.net\/cms\/gemeindeleben\/seniorengruppe\/","title":{"rendered":"Die Herbstzeitlosen (Seniorengruppe)"},"content":{"rendered":"\t\t<div data-elementor-type=\"wp-page\" data-elementor-id=\"17349\" class=\"elementor elementor-17349\" data-elementor-post-type=\"page\">\n\t\t\t\t\t\t<section class=\"elementor-section elementor-top-section elementor-element elementor-element-af420cd elementor-section-boxed elementor-section-height-default elementor-section-height-default\" data-id=\"af420cd\" data-element_type=\"section\" data-e-type=\"section\">\n\t\t\t\t\t\t<div class=\"elementor-container elementor-column-gap-default\">\n\t\t\t\t\t<div class=\"elementor-column elementor-col-100 elementor-top-column elementor-element elementor-element-2cf0403\" data-id=\"2cf0403\" data-element_type=\"column\" data-e-type=\"column\">\n\t\t\t<div class=\"elementor-widget-wrap elementor-element-populated\">\n\t\t\t\t\t\t<div class=\"elementor-element elementor-element-9ec4d47 elementor-widget elementor-widget-text-editor\" data-id=\"9ec4d47\" data-element_type=\"widget\" data-e-type=\"widget\" data-widget_type=\"text-editor.default\">\n\t\t\t\t<div class=\"elementor-widget-container\">\n\t\t\t\t\t\t\t\t\t<header>\n<h1 style=\"text-align: left;\">Die Herbstzeitlosen (Seniorengruppe)<\/h1>\n<\/header>\n<div>\n<div class=\"wp-block-image\">\n<figure class=\"alignright size-large\"><img fetchpriority=\"high\" decoding=\"async\" class=\"size-full wp-image-18449 aligncenter\" title=\"Seniorenkreis\" src=\"https:\/\/www.christus-gemeinde.net\/wordpress\/wp-content\/uploads\/2020\/07\/seniorenkreis.jpg\" alt=\"Seniorenkreis\" width=\"300\" height=\"304\"><\/figure>\n<\/div>\n<p>Wir sind die \u201eHerbstzeitlosen\u201c \u2013 der Seniorenkreis der Gemeinde. Wir treffen uns regelm\u00e4\u00dfig immer am 2. Donnerstag im Monat um 15:00 Uhr in unseren Gemeinder\u00e4umen. Zu unseren Treffen geh\u00f6rt das Kaffeetrinken mit leckerem selbstgebackenen Kuchen und ein wechselndes Thema, sowie eine Andacht.<\/p>\n<\/div>\n<p>Im Laufe des Jahres machen wir auch mal einen Ausflug, z.B. in den Dom oder den Zoo. Es geh\u00f6ren Besuche bei anderen Gemeindemitgliedern mit dazu, sowie im Dezember eine Weihnachtsfeier.<\/p>\n<p>Da wir nur ein kleiner \u2013 aber treuer \u2013 Kreis sind, w\u00fcrden wir uns freuen, wenn noch weitere Senioren (ab 60 Jahren) dazu kommen w\u00fcrden.<\/p>\t\t\t\t\t\t\t\t<\/div>\n\t\t\t\t<\/div>\n\t\t\t\t\t<\/div>\n\t\t<\/div>\n\t\t\t\t\t<\/div>\n\t\t<\/section>\n\t\t\t\t<\/div>\n\t\t","protected":false},"excerpt":{"rendered":"<p>Die Herbstzeitlosen (Seniorengruppe) Wir sind die \u201eHerbstzeitlosen\u201c \u2013 der Seniorenkreis der Gemeinde. Wir treffen uns regelm\u00e4\u00dfig immer am 2. Donnerstag im Monat um 15:00 Uhr in unseren Gemeinder\u00e4umen. Zu unseren Treffen geh\u00f6rt das Kaffeetrinken mit leckerem selbstgebackenen Kuchen und ein wechselndes Thema, sowie eine Andacht. Im Laufe des Jahres machen wir auch mal einen Ausflug,<\/p>\n","protected":false},"author":3,"featured_media":0,"parent":5757,"menu_order":7,"comment_status":"closed","ping_status":"closed","template":"","meta":{"h5ap_radio_sources":[],"footnotes":""},"class_list":["post-17349","page","type-page","status-publish","hentry"],"aioseo_notices":[],"_links":{"self":[{"href":"https:\/\/www.christus-gemeinde.net\/cms\/wp-json\/wp\/v2\/pages\/17349","targetHints":{"allow":["GET"]}}],"collection":[{"href":"https:\/\/www.christus-gemeinde.net\/cms\/wp-json\/wp\/v2\/pages"}],"about":[{"href":"https:\/\/www.christus-gemeinde.net\/cms\/wp-json\/wp\/v2\/types\/page"}],"author":[{"embeddable":true,"href":"https:\/\/www.christus-gemeinde.net\/cms\/wp-json\/wp\/v2\/users\/3"}],"replies":[{"embeddable":true,"href":"https:\/\/www.christus-gemeinde.net\/cms\/wp-json\/wp\/v2\/comments?post=17349"}],"version-history":[{"count":29,"href":"https:\/\/www.christus-gemeinde.net\/cms\/wp-json\/wp\/v2\/pages\/17349\/revisions"}],"predecessor-version":[{"id":22048,"href":"https:\/\/www.christus-gemeinde.net\/cms\/wp-json\/wp\/v2\/pages\/17349\/revisions\/22048"}],"up":[{"embeddable":true,"href":"https:\/\/www.christus-gemeinde.net\/cms\/wp-json\/wp\/v2\/pages\/5757"}],"wp:attachment":[{"href":"https:\/\/www.christus-gemeinde.net\/cms\/wp-json\/wp\/v2\/media?parent=17349"}],"curies":[{"name":"wp","href":"https:\/\/api.w.org\/{rel}","templated":true}]}}