{"id":16980,"date":"2019-12-13T11:51:13","date_gmt":"2019-12-13T10:51:13","guid":{"rendered":"http:\/\/christus-gemeinde.net\/wordpress-neu\/ueber-uns-copy\/"},"modified":"2023-08-10T11:32:46","modified_gmt":"2023-08-10T09:32:46","slug":"news","status":"publish","type":"page","link":"https:\/\/www.christus-gemeinde.net\/cms\/home\/news\/","title":{"rendered":"News und Infos&#8230;"},"content":{"rendered":"\t\t<div data-elementor-type=\"wp-page\" data-elementor-id=\"16980\" class=\"elementor elementor-16980\" data-elementor-post-type=\"page\">\n\t\t\t\t\t\t<section class=\"elementor-section elementor-top-section elementor-element elementor-element-75ca9f4 elementor-section-boxed elementor-section-height-default elementor-section-height-default\" data-id=\"75ca9f4\" data-element_type=\"section\" data-e-type=\"section\">\n\t\t\t\t\t\t<div class=\"elementor-container elementor-column-gap-default\">\n\t\t\t\t\t<div class=\"elementor-column elementor-col-100 elementor-top-column elementor-element elementor-element-649689c\" data-id=\"649689c\" data-element_type=\"column\" data-e-type=\"column\">\n\t\t\t<div class=\"elementor-widget-wrap elementor-element-populated\">\n\t\t\t\t\t\t<div class=\"elementor-element elementor-element-7b6a80f elementor-widget elementor-widget-text-editor\" data-id=\"7b6a80f\" data-element_type=\"widget\" data-e-type=\"widget\" data-widget_type=\"text-editor.default\">\n\t\t\t\t<div class=\"elementor-widget-container\">\n\t\t\t\t\t\t\t\t\t<h2>News und Infos&#8230;<\/h2>\t\t\t\t\t\t\t\t<\/div>\n\t\t\t\t<\/div>\n\t\t\t\t\t<\/div>\n\t\t<\/div>\n\t\t\t\t\t<\/div>\n\t\t<\/section>\n\t\t\t\t<section class=\"elementor-section elementor-top-section elementor-element elementor-element-3237577 elementor-section-boxed elementor-section-height-default elementor-section-height-default\" data-id=\"3237577\" data-element_type=\"section\" data-e-type=\"section\">\n\t\t\t\t\t\t<div class=\"elementor-container elementor-column-gap-default\">\n\t\t\t\t\t<div class=\"elementor-column elementor-col-100 elementor-top-column elementor-element elementor-element-0848a37\" data-id=\"0848a37\" data-element_type=\"column\" data-e-type=\"column\">\n\t\t\t<div class=\"elementor-widget-wrap elementor-element-populated\">\n\t\t\t\t\t\t<div class=\"elementor-element elementor-element-1ce7741 elementor-grid-2 elementor-grid-tablet-2 elementor-grid-mobile-1 elementor-posts--thumbnail-top elementor-widget elementor-widget-posts\" data-id=\"1ce7741\" data-element_type=\"widget\" data-e-type=\"widget\" data-settings=\"{&quot;classic_columns&quot;:&quot;2&quot;,&quot;pagination_type&quot;:&quot;numbers&quot;,&quot;classic_columns_tablet&quot;:&quot;2&quot;,&quot;classic_columns_mobile&quot;:&quot;1&quot;,&quot;classic_row_gap&quot;:{&quot;unit&quot;:&quot;px&quot;,&quot;size&quot;:35,&quot;sizes&quot;:[]},&quot;classic_row_gap_tablet&quot;:{&quot;unit&quot;:&quot;px&quot;,&quot;size&quot;:&quot;&quot;,&quot;sizes&quot;:[]},&quot;classic_row_gap_mobile&quot;:{&quot;unit&quot;:&quot;px&quot;,&quot;size&quot;:&quot;&quot;,&quot;sizes&quot;:[]}}\" data-widget_type=\"posts.classic\">\n\t\t\t\t<div class=\"elementor-widget-container\">\n\t\t\t\t\t\t\t<div class=\"elementor-posts-container elementor-posts elementor-posts--skin-classic elementor-grid\" role=\"list\">\n\t\t\t\t<article class=\"elementor-post elementor-grid-item post-23316 post type-post status-publish format-standard has-post-thumbnail hentry category-home category-news\" role=\"listitem\">\n\t\t\t\t<a class=\"elementor-post__thumbnail__link\" href=\"https:\/\/www.christus-gemeinde.net\/cms\/home\/news\/spende-zugunsten-des-cafe-clara-uebergeben\/\" tabindex=\"-1\" >\n\t\t\t<div class=\"elementor-post__thumbnail\"><img fetchpriority=\"high\" decoding=\"async\" width=\"768\" height=\"576\" src=\"https:\/\/www.christus-gemeinde.net\/wordpress\/wp-content\/uploads\/2026\/02\/2026-02-15-cafe-clara-1-768x576.jpg\" class=\"attachment-medium_large size-medium_large wp-image-23314\" alt=\"Der symbolische Spendenscheck zugunsten der Arbeit des Tagestreffpunkts Caf\u00e9 Clara wird \u00fcbergeben\" srcset=\"https:\/\/www.christus-gemeinde.net\/wordpress\/wp-content\/uploads\/2026\/02\/2026-02-15-cafe-clara-1-768x576.jpg 768w, https:\/\/www.christus-gemeinde.net\/wordpress\/wp-content\/uploads\/2026\/02\/2026-02-15-cafe-clara-1.jpg 1000w\" sizes=\"(max-width: 768px) 100vw, 768px\" \/><\/div>\n\t\t<\/a>\n\t\t\t\t<div class=\"elementor-post__text\">\n\t\t\t\t<h3 class=\"elementor-post__title\">\n\t\t\t<a href=\"https:\/\/www.christus-gemeinde.net\/cms\/home\/news\/spende-zugunsten-des-cafe-clara-uebergeben\/\" >\n\t\t\t\tSpende zugunsten des Caf\u00e9 Clara \u00fcbergeben\t\t\t<\/a>\n\t\t<\/h3>\n\t\t\t\t<div class=\"elementor-post__meta-data\">\n\t\t\t\t\t<span class=\"elementor-post-date\">\n\t\t\t15.02.2026\t\t<\/span>\n\t\t\t\t<\/div>\n\t\t\t\t<div class=\"elementor-post__excerpt\">\n\t\t\t<p>Das Geld war im Rahmen der Weihnachtskollekte gesammelt worden.<\/p>\n\t\t<\/div>\n\t\t\n\t\t<a class=\"elementor-post__read-more\" href=\"https:\/\/www.christus-gemeinde.net\/cms\/home\/news\/spende-zugunsten-des-cafe-clara-uebergeben\/\" aria-label=\"Mehr \u00fcber Spende zugunsten des Caf\u00e9 Clara \u00fcbergeben\" tabindex=\"-1\" >\n\t\t\tmehr...\t\t<\/a>\n\n\t\t\t\t<\/div>\n\t\t\t\t<\/article>\n\t\t\t\t<article class=\"elementor-post elementor-grid-item post-23072 post type-post status-publish format-standard has-post-thumbnail hentry category-news\" role=\"listitem\">\n\t\t\t\t<a class=\"elementor-post__thumbnail__link\" href=\"https:\/\/www.christus-gemeinde.net\/cms\/home\/news\/weihnachten-im-schuhkarton-2025\/\" tabindex=\"-1\" >\n\t\t\t<div class=\"elementor-post__thumbnail\"><img decoding=\"async\" width=\"768\" height=\"559\" src=\"https:\/\/www.christus-gemeinde.net\/wordpress\/wp-content\/uploads\/2025\/10\/2025-10-01-weihnachten-im-schuhkarton-768x559.jpg\" class=\"attachment-medium_large size-medium_large wp-image-23071\" alt=\"Ein kleines M\u00e4dchen h\u00e4lt einen Schuhkarton der Aktion &quot;Weihnachten im Schuhkarton&quot;. Es tr\u00e4gt eine bunte Strickm\u00fctze mit Bommel und l\u00e4chelt in die Kamera\" srcset=\"https:\/\/www.christus-gemeinde.net\/wordpress\/wp-content\/uploads\/2025\/10\/2025-10-01-weihnachten-im-schuhkarton-768x559.jpg 768w, https:\/\/www.christus-gemeinde.net\/wordpress\/wp-content\/uploads\/2025\/10\/2025-10-01-weihnachten-im-schuhkarton.jpg 1000w\" sizes=\"(max-width: 768px) 100vw, 768px\" \/><\/div>\n\t\t<\/a>\n\t\t\t\t<div class=\"elementor-post__text\">\n\t\t\t\t<h3 class=\"elementor-post__title\">\n\t\t\t<a href=\"https:\/\/www.christus-gemeinde.net\/cms\/home\/news\/weihnachten-im-schuhkarton-2025\/\" >\n\t\t\t\t&#8222;Weihnachten im Schuhkarton&#8220; &#8211; wir sind dabei\t\t\t<\/a>\n\t\t<\/h3>\n\t\t\t\t<div class=\"elementor-post__meta-data\">\n\t\t\t\t\t<span class=\"elementor-post-date\">\n\t\t\t01.10.2025\t\t<\/span>\n\t\t\t\t<\/div>\n\t\t\t\t<div class=\"elementor-post__excerpt\">\n\t\t\t<p>Wir sind auch in diesem Jahr wieder Annaahmestelle f\u00fcr die Aktion &#8222;Weihnachten im Schuhkarton&#8220;.<\/p>\n\t\t<\/div>\n\t\t\n\t\t<a class=\"elementor-post__read-more\" href=\"https:\/\/www.christus-gemeinde.net\/cms\/home\/news\/weihnachten-im-schuhkarton-2025\/\" aria-label=\"Mehr \u00fcber &#8222;Weihnachten im Schuhkarton&#8220; &#8211; wir sind dabei\" tabindex=\"-1\" >\n\t\t\tmehr...\t\t<\/a>\n\n\t\t\t\t<\/div>\n\t\t\t\t<\/article>\n\t\t\t\t<article class=\"elementor-post elementor-grid-item post-23063 post type-post status-publish format-standard has-post-thumbnail hentry category-news\" role=\"listitem\">\n\t\t\t\t<a class=\"elementor-post__thumbnail__link\" href=\"https:\/\/www.christus-gemeinde.net\/cms\/home\/news\/gottesdienst-spezial-stiess-auf-grosses-interesse\/\" tabindex=\"-1\" >\n\t\t\t<div class=\"elementor-post__thumbnail\"><img decoding=\"async\" width=\"768\" height=\"576\" src=\"https:\/\/www.christus-gemeinde.net\/wordpress\/wp-content\/uploads\/2025\/09\/2025-09-28-gottesdienst-spezial-1-768x576.jpg\" class=\"attachment-medium_large size-medium_large wp-image-23062\" alt=\"Etliche Besucher folgen dem Gottesdienst spezial. Viele von ihnen sitzen an Tischreihen, einige stehen auch.\" srcset=\"https:\/\/www.christus-gemeinde.net\/wordpress\/wp-content\/uploads\/2025\/09\/2025-09-28-gottesdienst-spezial-1-768x576.jpg 768w, https:\/\/www.christus-gemeinde.net\/wordpress\/wp-content\/uploads\/2025\/09\/2025-09-28-gottesdienst-spezial-1.jpg 1000w\" sizes=\"(max-width: 768px) 100vw, 768px\" \/><\/div>\n\t\t<\/a>\n\t\t\t\t<div class=\"elementor-post__text\">\n\t\t\t\t<h3 class=\"elementor-post__title\">\n\t\t\t<a href=\"https:\/\/www.christus-gemeinde.net\/cms\/home\/news\/gottesdienst-spezial-stiess-auf-grosses-interesse\/\" >\n\t\t\t\tGottesdienst spezial stie\u00df auf gro\u00dfes Interesse\t\t\t<\/a>\n\t\t<\/h3>\n\t\t\t\t<div class=\"elementor-post__meta-data\">\n\t\t\t\t\t<span class=\"elementor-post-date\">\n\t\t\t28.09.2025\t\t<\/span>\n\t\t\t\t<\/div>\n\t\t\t\t<div class=\"elementor-post__excerpt\">\n\t\t\t<p>Der Gottesdienst begann mit einem gemeinsamen Fr\u00fchst\u00fcck.<\/p>\n\t\t<\/div>\n\t\t\n\t\t<a class=\"elementor-post__read-more\" href=\"https:\/\/www.christus-gemeinde.net\/cms\/home\/news\/gottesdienst-spezial-stiess-auf-grosses-interesse\/\" aria-label=\"Mehr \u00fcber Gottesdienst spezial stie\u00df auf gro\u00dfes Interesse\" tabindex=\"-1\" >\n\t\t\tmehr...\t\t<\/a>\n\n\t\t\t\t<\/div>\n\t\t\t\t<\/article>\n\t\t\t\t<article class=\"elementor-post elementor-grid-item post-22894 post type-post status-publish format-standard has-post-thumbnail hentry category-news\" role=\"listitem\">\n\t\t\t\t<a class=\"elementor-post__thumbnail__link\" href=\"https:\/\/www.christus-gemeinde.net\/cms\/home\/news\/wir-feierten-taufe\/\" tabindex=\"-1\" >\n\t\t\t<div class=\"elementor-post__thumbnail\"><img loading=\"lazy\" decoding=\"async\" width=\"768\" height=\"576\" src=\"https:\/\/www.christus-gemeinde.net\/wordpress\/wp-content\/uploads\/2025\/05\/taufe-2025_news-768x576.jpg\" class=\"attachment-medium_large size-medium_large wp-image-22893\" alt=\"T\u00e4ufling wird im Taufbecker untergetaucht.\" srcset=\"https:\/\/www.christus-gemeinde.net\/wordpress\/wp-content\/uploads\/2025\/05\/taufe-2025_news-768x576.jpg 768w, https:\/\/www.christus-gemeinde.net\/wordpress\/wp-content\/uploads\/2025\/05\/taufe-2025_news.jpg 800w\" sizes=\"(max-width: 768px) 100vw, 768px\" \/><\/div>\n\t\t<\/a>\n\t\t\t\t<div class=\"elementor-post__text\">\n\t\t\t\t<h3 class=\"elementor-post__title\">\n\t\t\t<a href=\"https:\/\/www.christus-gemeinde.net\/cms\/home\/news\/wir-feierten-taufe\/\" >\n\t\t\t\tWir feierten Taufe\t\t\t<\/a>\n\t\t<\/h3>\n\t\t\t\t<div class=\"elementor-post__meta-data\">\n\t\t\t\t\t<span class=\"elementor-post-date\">\n\t\t\t18.05.2025\t\t<\/span>\n\t\t\t\t<\/div>\n\t\t\t\t<div class=\"elementor-post__excerpt\">\n\t\t\t<p>Am Sonntag, den 18.05.2025, feierten wir einen Taufgottesdienst.<\/p>\n\t\t<\/div>\n\t\t\n\t\t<a class=\"elementor-post__read-more\" href=\"https:\/\/www.christus-gemeinde.net\/cms\/home\/news\/wir-feierten-taufe\/\" aria-label=\"Mehr \u00fcber Wir feierten Taufe\" tabindex=\"-1\" >\n\t\t\tmehr...\t\t<\/a>\n\n\t\t\t\t<\/div>\n\t\t\t\t<\/article>\n\t\t\t\t<article class=\"elementor-post elementor-grid-item post-22806 post type-post status-publish format-standard has-post-thumbnail hentry category-news\" role=\"listitem\">\n\t\t\t\t<a class=\"elementor-post__thumbnail__link\" href=\"https:\/\/www.christus-gemeinde.net\/cms\/home\/news\/gemeindewanderung-in-wolfsburg\/\" tabindex=\"-1\" >\n\t\t\t<div class=\"elementor-post__thumbnail\"><img loading=\"lazy\" decoding=\"async\" width=\"768\" height=\"576\" src=\"https:\/\/www.christus-gemeinde.net\/wordpress\/wp-content\/uploads\/2025\/04\/2025-04-26-gemeindewanderung-768x576.jpg\" class=\"attachment-medium_large size-medium_large wp-image-22805\" alt=\"Gruppenbild von der Gemeindewanderung. Die Gruppe ist vor einem Brunnen auf dem Brunnen-\/Quellenweg in Wolfsburg zu sehen,\" srcset=\"https:\/\/www.christus-gemeinde.net\/wordpress\/wp-content\/uploads\/2025\/04\/2025-04-26-gemeindewanderung-768x576.jpg 768w, https:\/\/www.christus-gemeinde.net\/wordpress\/wp-content\/uploads\/2025\/04\/2025-04-26-gemeindewanderung.jpg 800w\" sizes=\"(max-width: 768px) 100vw, 768px\" \/><\/div>\n\t\t<\/a>\n\t\t\t\t<div class=\"elementor-post__text\">\n\t\t\t\t<h3 class=\"elementor-post__title\">\n\t\t\t<a href=\"https:\/\/www.christus-gemeinde.net\/cms\/home\/news\/gemeindewanderung-in-wolfsburg\/\" >\n\t\t\t\tGemeindewanderung in Wolfsburg\t\t\t<\/a>\n\t\t<\/h3>\n\t\t\t\t<div class=\"elementor-post__meta-data\">\n\t\t\t\t\t<span class=\"elementor-post-date\">\n\t\t\t26.04.2025\t\t<\/span>\n\t\t\t\t<\/div>\n\t\t\t\t<div class=\"elementor-post__excerpt\">\n\t\t\t<p>Bei sch\u00f6nem Fr\u00fchlingswetter erkundeten wir einen Teil des Brunnen- &#038; Quellenwegs.<\/p>\n\t\t<\/div>\n\t\t\n\t\t<a class=\"elementor-post__read-more\" href=\"https:\/\/www.christus-gemeinde.net\/cms\/home\/news\/gemeindewanderung-in-wolfsburg\/\" aria-label=\"Mehr \u00fcber Gemeindewanderung in Wolfsburg\" tabindex=\"-1\" >\n\t\t\tmehr...\t\t<\/a>\n\n\t\t\t\t<\/div>\n\t\t\t\t<\/article>\n\t\t\t\t<article class=\"elementor-post elementor-grid-item post-22722 post type-post status-publish format-standard has-post-thumbnail hentry category-news\" role=\"listitem\">\n\t\t\t\t<a class=\"elementor-post__thumbnail__link\" href=\"https:\/\/www.christus-gemeinde.net\/cms\/home\/news\/viele-gaeste-beim-gottesdienst-spezial\/\" tabindex=\"-1\" >\n\t\t\t<div class=\"elementor-post__thumbnail\"><img loading=\"lazy\" decoding=\"async\" width=\"768\" height=\"576\" src=\"https:\/\/www.christus-gemeinde.net\/wordpress\/wp-content\/uploads\/2025\/03\/2025-03-30-gottesdienst-spezial-768x576.jpg\" class=\"attachment-medium_large size-medium_large wp-image-22721\" alt=\"Gottesdienst spezial: Im Vordergrund ein reichhaltiges Buffet auf einem Tisch, auf dem auch ein siebenarmiger Kerzenleuchter steht; im Hintergrund sitzen etliche Personen an Tischen und fr\u00fchst\u00fccken gemeinsam.\" srcset=\"https:\/\/www.christus-gemeinde.net\/wordpress\/wp-content\/uploads\/2025\/03\/2025-03-30-gottesdienst-spezial-768x576.jpg 768w, https:\/\/www.christus-gemeinde.net\/wordpress\/wp-content\/uploads\/2025\/03\/2025-03-30-gottesdienst-spezial.jpg 800w\" sizes=\"(max-width: 768px) 100vw, 768px\" \/><\/div>\n\t\t<\/a>\n\t\t\t\t<div class=\"elementor-post__text\">\n\t\t\t\t<h3 class=\"elementor-post__title\">\n\t\t\t<a href=\"https:\/\/www.christus-gemeinde.net\/cms\/home\/news\/viele-gaeste-beim-gottesdienst-spezial\/\" >\n\t\t\t\tViele G\u00e4ste beim Gottesdienst spezial\t\t\t<\/a>\n\t\t<\/h3>\n\t\t\t\t<div class=\"elementor-post__meta-data\">\n\t\t\t\t\t<span class=\"elementor-post-date\">\n\t\t\t30.03.2025\t\t<\/span>\n\t\t\t\t<\/div>\n\t\t\t\t<div class=\"elementor-post__excerpt\">\n\t\t\t<p>Es gab ein reichhaltiges Fr\u00fchst\u00fcck bei diesem besonderen Gottesdienst.<\/p>\n\t\t<\/div>\n\t\t\n\t\t<a class=\"elementor-post__read-more\" href=\"https:\/\/www.christus-gemeinde.net\/cms\/home\/news\/viele-gaeste-beim-gottesdienst-spezial\/\" aria-label=\"Mehr \u00fcber Viele G\u00e4ste beim Gottesdienst spezial\" tabindex=\"-1\" >\n\t\t\tmehr...\t\t<\/a>\n\n\t\t\t\t<\/div>\n\t\t\t\t<\/article>\n\t\t\t\t<\/div>\n\t\t\n\t\t\t\t<div class=\"e-load-more-anchor\" data-page=\"1\" data-max-page=\"4\" data-next-page=\"https:\/\/www.christus-gemeinde.net\/cms\/wp-json\/wp\/v2\/pages\/16980\/page\/2\/\"><\/div>\n\t\t\t\t<nav class=\"elementor-pagination\" aria-label=\"Seitennummerierung\">\n\t\t\t<span aria-current=\"page\" class=\"page-numbers current\"><span class=\"elementor-screen-only\">Seite<\/span>1<\/span>\n<a class=\"page-numbers\" href=\"https:\/\/www.christus-gemeinde.net\/cms\/wp-json\/wp\/v2\/pages\/16980\/page\/2\/\"><span class=\"elementor-screen-only\">Seite<\/span>2<\/a>\n<a class=\"page-numbers\" href=\"https:\/\/www.christus-gemeinde.net\/cms\/wp-json\/wp\/v2\/pages\/16980\/page\/3\/\"><span class=\"elementor-screen-only\">Seite<\/span>3<\/a>\n<a class=\"page-numbers\" href=\"https:\/\/www.christus-gemeinde.net\/cms\/wp-json\/wp\/v2\/pages\/16980\/page\/4\/\"><span class=\"elementor-screen-only\">Seite<\/span>4<\/a>\t\t<\/nav>\n\t\t\t\t\t\t<\/div>\n\t\t\t\t<\/div>\n\t\t\t\t\t<\/div>\n\t\t<\/div>\n\t\t\t\t\t<\/div>\n\t\t<\/section>\n\t\t\t\t<section class=\"elementor-section elementor-top-section elementor-element elementor-element-e5a86ac elementor-hidden-desktop elementor-hidden-tablet elementor-hidden-mobile elementor-section-boxed elementor-section-height-default elementor-section-height-default\" data-id=\"e5a86ac\" data-element_type=\"section\" data-e-type=\"section\">\n\t\t\t\t\t\t<div class=\"elementor-container elementor-column-gap-default\">\n\t\t\t\t\t<div class=\"elementor-column elementor-col-100 elementor-top-column elementor-element elementor-element-6c31dd8\" data-id=\"6c31dd8\" data-element_type=\"column\" data-e-type=\"column\">\n\t\t\t<div class=\"elementor-widget-wrap elementor-element-populated\">\n\t\t\t\t\t\t<div class=\"elementor-element elementor-element-bab5494 elementor-align-center elementor-widget elementor-widget-button\" data-id=\"bab5494\" data-element_type=\"widget\" data-e-type=\"widget\" data-widget_type=\"button.default\">\n\t\t\t\t<div class=\"elementor-widget-container\">\n\t\t\t\t\t\t\t\t\t<div class=\"elementor-button-wrapper\">\n\t\t\t\t\t<a class=\"elementor-button elementor-button-link elementor-size-md\" href=\"https:\/\/www.christus-gemeinde.net\/web\/cms\/startseite\/news\/corona-schutz-in-der-cgw\/\">\n\t\t\t\t\t\t<span class=\"elementor-button-content-wrapper\">\n\t\t\t\t\t\t\t\t\t<span class=\"elementor-button-text\">Informationen zum  Umgang mit der Corona-Situation<\/span>\n\t\t\t\t\t<\/span>\n\t\t\t\t\t<\/a>\n\t\t\t\t<\/div>\n\t\t\t\t\t\t\t\t<\/div>\n\t\t\t\t<\/div>\n\t\t\t\t\t<\/div>\n\t\t<\/div>\n\t\t\t\t\t<\/div>\n\t\t<\/section>\n\t\t\t\t<section class=\"elementor-section elementor-top-section elementor-element elementor-element-0f80990 elementor-section-boxed elementor-section-height-default elementor-section-height-default\" data-id=\"0f80990\" data-element_type=\"section\" data-e-type=\"section\" title=\"Abonniere hier die CGW-Infomail\">\n\t\t\t\t\t\t<div class=\"elementor-container elementor-column-gap-default\">\n\t\t\t\t\t<div class=\"elementor-column elementor-col-100 elementor-top-column elementor-element elementor-element-aae902c\" data-id=\"aae902c\" data-element_type=\"column\" data-e-type=\"column\">\n\t\t\t<div class=\"elementor-widget-wrap elementor-element-populated\">\n\t\t\t\t\t\t<div class=\"elementor-element elementor-element-cf3d9de elementor-hidden-desktop elementor-widget elementor-widget-text-editor\" data-id=\"cf3d9de\" data-element_type=\"widget\" data-e-type=\"widget\" data-widget_type=\"text-editor.default\">\n\t\t\t\t<div class=\"elementor-widget-container\">\n\t\t\t\t\t\t\t\t\t <a href=\"https:\/\/bit.ly\/38S1zx3\"><img loading=\"lazy\" decoding=\"async\" class=\"aligncenter\" style=\"border-radius: 0px 0px 0px 0px\" title=\"Abonniere hier die CGW-Infomail\" src=\"https:\/\/www.christus-gemeinde.net\/wordpress\/wp-content\/uploads\/2022\/04\/cgw-infomail_widget.gif\" alt=\"Abonniere hier die CGW-Infomail\" width=\"300\" height=\"300\" \/><\/a>\t\t\t\t\t\t\t\t<\/div>\n\t\t\t\t<\/div>\n\t\t\t\t<div class=\"elementor-element elementor-element-6e4520b elementor-hidden-tablet elementor-hidden-mobile elementor-widget elementor-widget-image\" data-id=\"6e4520b\" data-element_type=\"widget\" data-e-type=\"widget\" data-widget_type=\"image.default\">\n\t\t\t\t<div class=\"elementor-widget-container\">\n\t\t\t\t\t\t\t\t\t\t\t\t\t\t\t\t<a href=\"https:\/\/bit.ly\/38S1zx3\">\n\t\t\t\t\t\t\t<img loading=\"lazy\" decoding=\"async\" width=\"1200\" height=\"240\" src=\"https:\/\/www.christus-gemeinde.net\/wordpress\/wp-content\/uploads\/2022\/04\/banner_cgw-infomail.gif\" class=\"attachment-full size-full wp-image-20909\" alt=\"Abonniere hier die CGW-Infomail\" \/>\t\t\t\t\t\t\t\t<\/a>\n\t\t\t\t\t\t\t\t\t\t\t\t\t\t\t<\/div>\n\t\t\t\t<\/div>\n\t\t\t\t\t<\/div>\n\t\t<\/div>\n\t\t\t\t\t<\/div>\n\t\t<\/section>\n\t\t\t\t<\/div>\n\t\t","protected":false},"excerpt":{"rendered":"<p>News und Infos&#8230; Informationen zum Umgang mit der Corona-Situation<\/p>\n","protected":false},"author":3,"featured_media":0,"parent":21,"menu_order":1,"comment_status":"closed","ping_status":"closed","template":"","meta":{"h5ap_radio_sources":[],"footnotes":""},"class_list":["post-16980","page","type-page","status-publish","hentry"],"aioseo_notices":[],"_links":{"self":[{"href":"https:\/\/www.christus-gemeinde.net\/cms\/wp-json\/wp\/v2\/pages\/16980","targetHints":{"allow":["GET"]}}],"collection":[{"href":"https:\/\/www.christus-gemeinde.net\/cms\/wp-json\/wp\/v2\/pages"}],"about":[{"href":"https:\/\/www.christus-gemeinde.net\/cms\/wp-json\/wp\/v2\/types\/page"}],"author":[{"embeddable":true,"href":"https:\/\/www.christus-gemeinde.net\/cms\/wp-json\/wp\/v2\/users\/3"}],"replies":[{"embeddable":true,"href":"https:\/\/www.christus-gemeinde.net\/cms\/wp-json\/wp\/v2\/comments?post=16980"}],"version-history":[{"count":106,"href":"https:\/\/www.christus-gemeinde.net\/cms\/wp-json\/wp\/v2\/pages\/16980\/revisions"}],"predecessor-version":[{"id":21970,"href":"https:\/\/www.christus-gemeinde.net\/cms\/wp-json\/wp\/v2\/pages\/16980\/revisions\/21970"}],"up":[{"embeddable":true,"href":"https:\/\/www.christus-gemeinde.net\/cms\/wp-json\/wp\/v2\/pages\/21"}],"wp:attachment":[{"href":"https:\/\/www.christus-gemeinde.net\/cms\/wp-json\/wp\/v2\/media?parent=16980"}],"curies":[{"name":"wp","href":"https:\/\/api.w.org\/{rel}","templated":true}]}}