{"id":16971,"date":"2019-12-13T11:45:57","date_gmt":"2019-12-13T10:45:57","guid":{"rendered":"http:\/\/christus-gemeinde.net\/wordpress-neu\/gottesdienst-spezial-copy\/"},"modified":"2025-01-15T19:04:59","modified_gmt":"2025-01-15T18:04:59","slug":"hauskreise","status":"publish","type":"page","link":"https:\/\/www.christus-gemeinde.net\/cms\/gemeindeleben\/hauskreise\/","title":{"rendered":"Hauskreise"},"content":{"rendered":"\t\t<div data-elementor-type=\"wp-page\" data-elementor-id=\"16971\" class=\"elementor elementor-16971\" data-elementor-post-type=\"page\">\n\t\t\t\t\t\t<section class=\"elementor-section elementor-top-section elementor-element elementor-element-ad432b9 elementor-section-boxed elementor-section-height-default elementor-section-height-default\" data-id=\"ad432b9\" data-element_type=\"section\" data-e-type=\"section\">\n\t\t\t\t\t\t<div class=\"elementor-container elementor-column-gap-default\">\n\t\t\t\t\t<div class=\"elementor-column elementor-col-100 elementor-top-column elementor-element elementor-element-f10d152\" data-id=\"f10d152\" data-element_type=\"column\" data-e-type=\"column\">\n\t\t\t<div class=\"elementor-widget-wrap elementor-element-populated\">\n\t\t\t\t\t\t<div class=\"elementor-element elementor-element-d56d03d elementor-widget elementor-widget-text-editor\" data-id=\"d56d03d\" data-element_type=\"widget\" data-e-type=\"widget\" data-widget_type=\"text-editor.default\">\n\t\t\t\t<div class=\"elementor-widget-container\">\n\t\t\t\t\t\t\t\t\t<h1>Hauskreise<\/h1><p>Neben dem Gottesdienst am Sonntag treffen sich viele unserer Mitglieder auch w\u00e4hrend der Woche in Hauskreisen.<\/p><p>6 \u2013 12 Leute treffen sich gew\u00f6hnlich an einem Abend, entweder in der Gemeinde oder digital. Im Hauskreis verbringen wir Zeit im Gebet, wir singen Lieder zur Anbetung Gottes und lesen gemeinsam biblische Texte, die wir dann besprechen.<\/p><p>In der pers\u00f6nlichen Atmosph\u00e4re eines Hauskreises m\u00f6chten wir gemeinsam Wege finden, wie man den christlichen Glauben im Alltag ausleben kann. Ein wichtiger Bestandteil des Hauskreises ist die Zeit f\u00fcr Gespr\u00e4che und Austausch bei einem gem\u00fctlichen Beisammensein.<\/p><p>Die Hauskreise sind offen f\u00fcr alle, die am christlichen Glauben interessiert sind. Irgendwelche Vorkenntnisse sind nicht erforderlich.<\/p>\t\t\t\t\t\t\t\t<\/div>\n\t\t\t\t<\/div>\n\t\t\t\t\t<\/div>\n\t\t<\/div>\n\t\t\t\t\t<\/div>\n\t\t<\/section>\n\t\t\t\t<\/div>\n\t\t","protected":false},"excerpt":{"rendered":"<p>Hauskreise Neben dem Gottesdienst am Sonntag treffen sich viele unserer Mitglieder auch w\u00e4hrend der Woche in Hauskreisen. 6 \u2013 12 Leute treffen sich gew\u00f6hnlich an einem Abend, entweder in der Gemeinde oder digital. Im Hauskreis verbringen wir Zeit im Gebet, wir singen Lieder zur Anbetung Gottes und lesen gemeinsam biblische Texte, die wir dann besprechen.<\/p>\n","protected":false},"author":3,"featured_media":0,"parent":5757,"menu_order":6,"comment_status":"closed","ping_status":"closed","template":"","meta":{"h5ap_radio_sources":[],"footnotes":""},"class_list":["post-16971","page","type-page","status-publish","hentry"],"aioseo_notices":[],"_links":{"self":[{"href":"https:\/\/www.christus-gemeinde.net\/cms\/wp-json\/wp\/v2\/pages\/16971","targetHints":{"allow":["GET"]}}],"collection":[{"href":"https:\/\/www.christus-gemeinde.net\/cms\/wp-json\/wp\/v2\/pages"}],"about":[{"href":"https:\/\/www.christus-gemeinde.net\/cms\/wp-json\/wp\/v2\/types\/page"}],"author":[{"embeddable":true,"href":"https:\/\/www.christus-gemeinde.net\/cms\/wp-json\/wp\/v2\/users\/3"}],"replies":[{"embeddable":true,"href":"https:\/\/www.christus-gemeinde.net\/cms\/wp-json\/wp\/v2\/comments?post=16971"}],"version-history":[{"count":21,"href":"https:\/\/www.christus-gemeinde.net\/cms\/wp-json\/wp\/v2\/pages\/16971\/revisions"}],"predecessor-version":[{"id":22578,"href":"https:\/\/www.christus-gemeinde.net\/cms\/wp-json\/wp\/v2\/pages\/16971\/revisions\/22578"}],"up":[{"embeddable":true,"href":"https:\/\/www.christus-gemeinde.net\/cms\/wp-json\/wp\/v2\/pages\/5757"}],"wp:attachment":[{"href":"https:\/\/www.christus-gemeinde.net\/cms\/wp-json\/wp\/v2\/media?parent=16971"}],"curies":[{"name":"wp","href":"https:\/\/api.w.org\/{rel}","templated":true}]}}